{"id":134,"date":"2016-08-02T10:12:25","date_gmt":"2016-08-02T16:12:25","guid":{"rendered":"http:\/\/pro-theme.com\/wordpress\/transaero\/?page_id=134"},"modified":"2025-02-10T09:33:43","modified_gmt":"2025-02-10T12:33:43","slug":"orcamento","status":"publish","type":"page","link":"https:\/\/coopertrans.com.br\/pt_br\/orcamento\/","title":{"rendered":"Or\u00e7amento"},"content":{"rendered":"\t\t<div data-elementor-type=\"wp-page\" data-elementor-id=\"134\" class=\"elementor elementor-134\">\n\t\t\t\t<div class=\"elementor-element elementor-element-e309721 e-flex e-con-boxed e-con e-parent\" data-id=\"e309721\" data-element_type=\"container\" data-e-type=\"container\" data-settings=\"{&quot;background_background&quot;:&quot;classic&quot;}\">\n\t\t\t\t\t<div class=\"e-con-inner\">\n\t\t\t\t<div class=\"elementor-element elementor-element-38baf7b elementor-widget elementor-widget-heading\" data-id=\"38baf7b\" data-element_type=\"widget\" data-e-type=\"widget\" data-widget_type=\"heading.default\">\n\t\t\t\t<div class=\"elementor-widget-container\">\n\t\t\t\t\t<h1 class=\"elementor-heading-title elementor-size-default\">Fale Conosco<\/h1>\t\t\t\t<\/div>\n\t\t\t\t<\/div>\n\t\t\t\t<div class=\"elementor-element elementor-element-1d6c2f8 elementor-widget elementor-widget-heading\" data-id=\"1d6c2f8\" data-element_type=\"widget\" data-e-type=\"widget\" data-widget_type=\"heading.default\">\n\t\t\t\t<div class=\"elementor-widget-container\">\n\t\t\t\t\t<h1 class=\"elementor-heading-title elementor-size-default\">Or\u00e7amento<\/h1>\t\t\t\t<\/div>\n\t\t\t\t<\/div>\n\t\t\t\t\t<\/div>\n\t\t\t\t<\/div>\n\t\t<div class=\"elementor-element elementor-element-32155c0 e-flex e-con-boxed e-con e-parent\" data-id=\"32155c0\" data-element_type=\"container\" data-e-type=\"container\" data-settings=\"{&quot;background_background&quot;:&quot;classic&quot;}\">\n\t\t\t\t\t<div class=\"e-con-inner\">\n\t\t<div class=\"elementor-element elementor-element-051d788 e-con-full e-flex e-con e-child\" data-id=\"051d788\" data-element_type=\"container\" data-e-type=\"container\" data-settings=\"{&quot;background_background&quot;:&quot;classic&quot;}\">\n\t\t\t\t<div class=\"elementor-element elementor-element-0558134 elementor-widget elementor-widget-heading\" data-id=\"0558134\" data-element_type=\"widget\" data-e-type=\"widget\" data-widget_type=\"heading.default\">\n\t\t\t\t<div class=\"elementor-widget-container\">\n\t\t\t\t\t<h2 class=\"elementor-heading-title elementor-size-default\">Contato<\/h2>\t\t\t\t<\/div>\n\t\t\t\t<\/div>\n\t\t\t\t<div class=\"elementor-element elementor-element-1b2c648 elementor-widget elementor-widget-text-editor\" data-id=\"1b2c648\" data-element_type=\"widget\" data-e-type=\"widget\" data-widget_type=\"text-editor.default\">\n\t\t\t\t<div class=\"elementor-widget-container\">\n\t\t\t\t\t\t\t\t\t<p style=\"margin:0\">Preencha o formul\u00e1rio abaixo e entre em contato conosco. Teremos o prazer em respond\u00ea-lo o quanto antes.<\/p>\t\t\t\t\t\t\t\t<\/div>\n\t\t\t\t<\/div>\n\t\t\t\t<\/div>\n\t\t\t\t<div class=\"elementor-element elementor-element-b47be1d eael-contact-form-7-button-full-width elementor-widget elementor-widget-eael-contact-form-7\" data-id=\"b47be1d\" data-element_type=\"widget\" data-e-type=\"widget\" data-widget_type=\"eael-contact-form-7.default\">\n\t\t\t\t<div class=\"elementor-widget-container\">\n\t\t\t\t\t<div class=\"eael-contact-form-7-wrapper\">\n                <div class=\"eael-contact-form eael-contact-form-7 eael-contact-form-b47be1d placeholder-show eael-contact-form-align-default\">\n<div class=\"wpcf7 no-js\" id=\"wpcf7-f9885-o1\" lang=\"pt-BR\" dir=\"ltr\" data-wpcf7-id=\"9885\">\n<div class=\"screen-reader-response\"><p role=\"status\" aria-live=\"polite\" aria-atomic=\"true\"><\/p> <ul><\/ul><\/div>\n<form action=\"\/pt_br\/wp-json\/wp\/v2\/pages\/134#wpcf7-f9885-o1\" method=\"post\" class=\"wpcf7-form init\" aria-label=\"Formul\u00e1rios de contato\" novalidate=\"novalidate\" data-status=\"init\">\n<fieldset class=\"hidden-fields-container\"><input type=\"hidden\" name=\"_wpcf7\" value=\"9885\" \/><input type=\"hidden\" name=\"_wpcf7_version\" value=\"6.1.5\" \/><input type=\"hidden\" name=\"_wpcf7_locale\" value=\"pt_BR\" \/><input type=\"hidden\" name=\"_wpcf7_unit_tag\" value=\"wpcf7-f9885-o1\" \/><input type=\"hidden\" name=\"_wpcf7_container_post\" value=\"0\" \/><input type=\"hidden\" name=\"_wpcf7_posted_data_hash\" value=\"\" \/>\n<\/fieldset>\n<table>\n\t<tr>\n\t\t<td>\n\t\t\t<p><label>Empresa* <span class=\"wpcf7-form-control-wrap\" data-name=\"empresa\"><input size=\"40\" maxlength=\"400\" class=\"wpcf7-form-control wpcf7-text wpcf7-validates-as-required\" aria-required=\"true\" aria-invalid=\"false\" value=\"\" type=\"text\" name=\"empresa\" \/><\/span><\/label>\n\t\t\t<\/p>\n\t\t<\/td>\n\t\t<td>\n\t\t\t<p><label>Contato <span class=\"wpcf7-form-control-wrap\" data-name=\"contato\"><input size=\"40\" maxlength=\"400\" class=\"wpcf7-form-control wpcf7-text\" aria-invalid=\"false\" value=\"\" type=\"text\" name=\"contato\" \/><\/span><\/label>\n\t\t\t<\/p>\n\t\t<\/td>\n\t<\/tr>\n\t<tr>\n\t\t<td>\n\t\t\t<p><label>Telefone <span class=\"wpcf7-form-control-wrap\" data-name=\"telefone\"><input size=\"40\" maxlength=\"400\" class=\"wpcf7-form-control wpcf7-tel wpcf7-text wpcf7-validates-as-tel\" aria-invalid=\"false\" value=\"\" type=\"tel\" name=\"telefone\" \/><\/span><\/label>\n\t\t\t<\/p>\n\t\t<\/td>\n\t\t<td>\n\t\t\t<p><label>Email* <span class=\"wpcf7-form-control-wrap\" data-name=\"email\"><input size=\"40\" maxlength=\"400\" class=\"wpcf7-form-control wpcf7-email wpcf7-validates-as-required wpcf7-text wpcf7-validates-as-email\" autocomplete=\"email\" aria-required=\"true\" aria-invalid=\"false\" value=\"\" type=\"email\" name=\"email\" \/><\/span><\/label>\n\t\t\t<\/p>\n\t\t<\/td>\n\t<\/tr>\n\t<tr>\n\t\t<td>\n\t\t\t<p><label>Cidade <span class=\"wpcf7-form-control-wrap\" data-name=\"cidade\"><input size=\"40\" maxlength=\"400\" class=\"wpcf7-form-control wpcf7-text\" aria-invalid=\"false\" value=\"\" type=\"text\" name=\"cidade\" \/><\/span><\/label>\n\t\t\t<\/p>\n\t\t<\/td>\n\t\t<td>\n\t\t\t<p><label>Estado* <span class=\"wpcf7-form-control-wrap\" data-name=\"estado\"><input size=\"40\" maxlength=\"400\" class=\"wpcf7-form-control wpcf7-text wpcf7-validates-as-required\" aria-required=\"true\" aria-invalid=\"false\" value=\"\" type=\"text\" name=\"estado\" \/><\/span><\/label>\n\t\t\t<\/p>\n\t\t<\/td>\n\t<\/tr>\n\t<tr>\n\t\t<td colspan=\"2\">\n\t\t\t<p><label>Como Podemos Ajudar?* <span class=\"wpcf7-form-control-wrap\" data-name=\"mensagem\"><textarea cols=\"40\" rows=\"10\" maxlength=\"2000\" class=\"wpcf7-form-control wpcf7-textarea\" aria-invalid=\"false\" name=\"mensagem\"><\/textarea><\/span><\/label>\n\t\t\t<\/p>\n\t\t<\/td>\n\t<\/tr>\n\t<tr>\n\t\t<td colspan=\"2\">\n\t\t\t<p><input class=\"wpcf7-form-control wpcf7-submit has-spinner\" type=\"submit\" value=\"Enviar\" \/>\n\t\t\t<\/p>\n\t\t<\/td>\n\t<\/tr>\n<\/table><div class=\"wpcf7-response-output\" aria-hidden=\"true\"><\/div>\n<\/form>\n<\/div>\n<\/div>\n            <\/div>\t\t\t\t<\/div>\n\t\t\t\t<\/div>\n\t\t\t\t<div class=\"elementor-element elementor-element-8564e78 elementor-icon-list--layout-traditional elementor-list-item-link-full_width elementor-widget elementor-widget-icon-list\" data-id=\"8564e78\" data-element_type=\"widget\" data-e-type=\"widget\" data-widget_type=\"icon-list.default\">\n\t\t\t\t<div class=\"elementor-widget-container\">\n\t\t\t\t\t\t\t<ul class=\"elementor-icon-list-items\">\n\t\t\t\t\t\t\t<li class=\"elementor-icon-list-item\">\n\t\t\t\t\t\t\t\t\t\t\t<span class=\"elementor-icon-list-icon\">\n\t\t\t\t\t\t\t<svg xmlns=\"http:\/\/www.w3.org\/2000\/svg\" xml:space=\"preserve\" width=\"295.293\" height=\"295.293\" style=\"shape-rendering:geometricPrecision;text-rendering:geometricPrecision;image-rendering:optimizeQuality;fill-rule:evenodd;clip-rule:evenodd\" viewBox=\"0 0 5832 5832\"><path d=\"M2172 2479c0 129 15 119 117 221l849 848c117 117 195 182 332 44 77-78 258-286 334-286 126 0 205 124 308 226 251 252 211 215-136 566-263 266-745 112-1119-104-415-240-794-635-1035-1052-160-279-375-791-83-1080 79-78 176-190 257-255 142-116 266 76 429 238 75 75 106 84 106 188 0 55-48 86-79 117-72 72-280 257-280 329zM2916 0c806 0 1535 326 2062 854 528 528 854 1257 854 2062 0 806-326 1535-854 2062-527 528-1256 854-2062 854-805 0-1534-326-2062-854C326 4451 0 3722 0 2916c0-805 326-1534 854-2062S2111 0 2916 0zm1869 1048c-479-478-1139-774-1869-774-729 0-1390 296-1868 774S274 2187 274 2916c0 730 296 1390 774 1869 478 478 1139 774 1868 774 730 0 1390-296 1869-774 478-479 774-1139 774-1869 0-729-296-1390-774-1868zm-186 2737c0-278-99-332-302-536-140-140-240-280-493-280-247 0-366 218-479 294l-753-748 190-207c141-170 141-399 7-578-56-76-369-395-477-448-93-46-141-43-240-43-152 0-255 97-334 177-111 111-221 205-316 326-153 196-159 504-112 737 189 933 1135 1821 1959 2040 325 86 684 88 912-138 173-172 438-382 438-596z\"><\/path><\/svg>\t\t\t\t\t\t<\/span>\n\t\t\t\t\t\t\t\t\t\t<span class=\"elementor-icon-list-text\">11 4546.8181<\/span>\n\t\t\t\t\t\t\t\t\t<\/li>\n\t\t\t\t\t\t\t\t<li class=\"elementor-icon-list-item\">\n\t\t\t\t\t\t\t\t\t\t\t<span class=\"elementor-icon-list-icon\">\n\t\t\t\t\t\t\t<svg xmlns=\"http:\/\/www.w3.org\/2000\/svg\" xml:space=\"preserve\" width=\"295.293\" height=\"295.293\" style=\"shape-rendering:geometricPrecision;text-rendering:geometricPrecision;image-rendering:optimizeQuality;fill-rule:evenodd;clip-rule:evenodd\" viewBox=\"0 0 1777 1777\"><path d=\"M1299 1251H477c-30 0-57-13-76-32-20-20-32-47-32-77V630c0-30 12-58 32-77 19-20 46-32 76-32h822c30 0 57 12 77 32 20 19 32 47 32 77v512c0 30-12 57-32 77-20 19-47 32-77 32zM888 0c246 0 468 99 628 260 161 161 261 383 261 628 0 246-100 468-261 628-160 161-382 261-628 261-245 0-467-100-628-261C99 1356 0 1134 0 888c0-245 99-467 260-628S643 0 888 0zm570 319C1312 174 1111 83 888 83c-222 0-423 91-569 236C174 465 83 666 83 888c0 223 91 424 236 570 146 145 347 235 569 235 223 0 424-90 570-235 145-146 235-347 235-570 0-222-90-423-235-569zM530 604l359 282 357-282H530zm795 44L917 971c-15 12-37 13-53 1L452 649v493c0 7 3 13 8 18 4 4 11 7 17 7h822c7 0 14-3 18-7 5-5 8-11 8-18V648z\"><\/path><\/svg>\t\t\t\t\t\t<\/span>\n\t\t\t\t\t\t\t\t\t\t<span class=\"elementor-icon-list-text\">comercial@coopertrans.com.br<\/span>\n\t\t\t\t\t\t\t\t\t<\/li>\n\t\t\t\t\t\t\t\t<li class=\"elementor-icon-list-item\">\n\t\t\t\t\t\t\t\t\t\t\t<span class=\"elementor-icon-list-icon\">\n\t\t\t\t\t\t\t<svg xmlns=\"http:\/\/www.w3.org\/2000\/svg\" xml:space=\"preserve\" width=\"295.293\" height=\"295.293\" style=\"shape-rendering:geometricPrecision;text-rendering:geometricPrecision;image-rendering:optimizeQuality;fill-rule:evenodd;clip-rule:evenodd\" viewBox=\"0 0 1048 1048\"><path d=\"M524 0c145 0 276 59 370 153 95 95 154 226 154 371s-59 276-154 370c-94 95-225 154-370 154s-276-59-371-154C59 800 0 669 0 524s59-276 153-371C248 59 379 0 524 0zM371 349c-41 57-43 136-14 219 28 81 86 165 168 233 81-67 139-149 167-230 30-82 28-162-11-218-11-18-26-32-42-44-32-23-72-35-111-36-40 0-80 11-113 34-17 11-32 25-44 42zm-61 235c-34-97-30-194 21-264 16-21 35-39 56-54 42-28 91-42 141-42 50 1 99 16 140 46 21 15 39 33 54 55 48 70 51 166 17 263-34 93-103 189-199 263l-15 12-15-12c-97-75-167-172-200-267zm215-256c37 0 71 15 95 40 25 24 40 58 40 95s-15 71-40 95c-24 24-58 40-95 40s-71-16-95-40c-25-24-40-58-40-95s15-71 40-95c24-25 58-40 95-40zm60 75c-15-16-36-26-60-26s-45 10-60 26c-16 15-25 36-25 60s9 45 25 60c15 16 36 25 60 25s45-9 60-25c16-15 25-36 25-60s-9-45-25-60zm275-215C774 102 655 49 524 49s-250 53-336 139S49 393 49 524s53 250 139 336 205 139 336 139 250-53 336-139 139-205 139-336-53-250-139-336z\"><\/path><\/svg>\t\t\t\t\t\t<\/span>\n\t\t\t\t\t\t\t\t\t\t<span class=\"elementor-icon-list-text\">Rua Ruzzi, 655 \u2013 Sert\u00e3ozinho \/ Mau\u00e1 (SP) \u2013 CEP: 09370-850<\/span>\n\t\t\t\t\t\t\t\t\t<\/li>\n\t\t\t\t\t\t<\/ul>\n\t\t\t\t\t\t<\/div>\n\t\t\t\t<\/div>\n\t\t\t\t<div class=\"elementor-element elementor-element-4a86ecd elementor-widget elementor-widget-shortcode\" data-id=\"4a86ecd\" data-element_type=\"widget\" data-e-type=\"widget\" data-widget_type=\"shortcode.default\">\n\t\t\t\t<div class=\"elementor-widget-container\">\n\t\t\t\t\t\t\t<div class=\"elementor-shortcode\"><\/div>\n\t\t\t\t\t\t<\/div>\n\t\t\t\t<\/div>\n\t\t\t\t\t<\/div>\n\t\t\t\t<\/div>\n\t\t<div class=\"elementor-element elementor-element-a2c99b9 e-con-full e-flex e-con e-parent\" data-id=\"a2c99b9\" data-element_type=\"container\" data-e-type=\"container\" data-settings=\"{&quot;background_background&quot;:&quot;classic&quot;}\">\n\t\t\t\t<div class=\"elementor-element elementor-element-cd0dadb elementor-widget elementor-widget-google_maps\" data-id=\"cd0dadb\" data-element_type=\"widget\" data-e-type=\"widget\" data-widget_type=\"google_maps.default\">\n\t\t\t\t<div class=\"elementor-widget-container\">\n\t\t\t\t\t\t\t<div class=\"elementor-custom-embed\">\n\t\t\t<iframe loading=\"lazy\"\n\t\t\t\t\tsrc=\"https:\/\/maps.google.com\/maps?q=Coopertrans%3A%20Rua%20Ruzzi%2C%20655%20%E2%80%93%20Sert%C3%A3ozinho%20%2F%20Mau%C3%A1%20%28SP%29%20%E2%80%93%20CEP%3A%2009370-850&#038;t=m&#038;z=15&#038;output=embed&#038;iwloc=near\"\n\t\t\t\t\ttitle=\"Coopertrans: Rua Ruzzi, 655 \u2013 Sert\u00e3ozinho \/ Mau\u00e1 (SP) \u2013 CEP: 09370-850\"\n\t\t\t\t\taria-label=\"Coopertrans: Rua Ruzzi, 655 \u2013 Sert\u00e3ozinho \/ Mau\u00e1 (SP) \u2013 CEP: 09370-850\"\n\t\t\t><\/iframe>\n\t\t<\/div>\n\t\t\t\t\t\t<\/div>\n\t\t\t\t<\/div>\n\t\t\t\t<\/div>\n\t\t\t\t<\/div>\n\t\t","protected":false},"excerpt":{"rendered":"<p>Fale Conosco Or\u00e7amento Contato Preencha o formul\u00e1rio abaixo e entre em contato conosco. Teremos o prazer em respond\u00ea-lo o quanto antes. Empresa* Contato Telefone Email* Cidade Estado* Como Podemos Ajudar?* 11 4546.8181 comercial@coopertrans.com.br Rua Ruzzi, 655 \u2013 Sert\u00e3ozinho \/ Mau\u00e1 (SP) \u2013 CEP: 09370-850<\/p>\n","protected":false},"author":1313,"featured_media":0,"parent":0,"menu_order":0,"comment_status":"closed","ping_status":"closed","template":"elementor_header_footer","meta":{"neve_meta_sidebar":"","neve_meta_container":"","neve_meta_enable_content_width":"","neve_meta_content_width":0,"neve_meta_title_alignment":"","neve_meta_author_avatar":"","neve_post_elements_order":"","neve_meta_disable_header":"","neve_meta_disable_footer":"","neve_meta_disable_title":"","footnotes":""},"class_list":["post-134","page","type-page","status-publish","hentry"],"_links":{"self":[{"href":"https:\/\/coopertrans.com.br\/pt_br\/wp-json\/wp\/v2\/pages\/134","targetHints":{"allow":["GET"]}}],"collection":[{"href":"https:\/\/coopertrans.com.br\/pt_br\/wp-json\/wp\/v2\/pages"}],"about":[{"href":"https:\/\/coopertrans.com.br\/pt_br\/wp-json\/wp\/v2\/types\/page"}],"author":[{"embeddable":true,"href":"https:\/\/coopertrans.com.br\/pt_br\/wp-json\/wp\/v2\/users\/1313"}],"replies":[{"embeddable":true,"href":"https:\/\/coopertrans.com.br\/pt_br\/wp-json\/wp\/v2\/comments?post=134"}],"version-history":[{"count":88,"href":"https:\/\/coopertrans.com.br\/pt_br\/wp-json\/wp\/v2\/pages\/134\/revisions"}],"predecessor-version":[{"id":10067,"href":"https:\/\/coopertrans.com.br\/pt_br\/wp-json\/wp\/v2\/pages\/134\/revisions\/10067"}],"wp:attachment":[{"href":"https:\/\/coopertrans.com.br\/pt_br\/wp-json\/wp\/v2\/media?parent=134"}],"curies":[{"name":"wp","href":"https:\/\/api.w.org\/{rel}","templated":true}]}}