{"id":151,"date":"2016-08-02T10:52:55","date_gmt":"2016-08-02T16:52:55","guid":{"rendered":"http:\/\/pro-theme.com\/wordpress\/transaero\/?page_id=151"},"modified":"2025-08-29T21:28:42","modified_gmt":"2025-08-30T00:28:42","slug":"a-cooper","status":"publish","type":"page","link":"https:\/\/coopertrans.com.br\/pt_br\/a-cooper\/","title":{"rendered":"A Cooper"},"content":{"rendered":"\t\t<div data-elementor-type=\"wp-page\" data-elementor-id=\"151\" class=\"elementor elementor-151\">\n\t\t\t\t<div class=\"elementor-element elementor-element-156e147 e-flex e-con-boxed e-con e-parent\" data-id=\"156e147\" data-element_type=\"container\" data-e-type=\"container\" data-settings=\"{&quot;background_background&quot;:&quot;classic&quot;}\">\n\t\t\t\t\t<div class=\"e-con-inner\">\n\t\t\t\t<div class=\"elementor-element elementor-element-b8472f0 elementor-widget elementor-widget-heading\" data-id=\"b8472f0\" data-element_type=\"widget\" data-e-type=\"widget\" data-widget_type=\"heading.default\">\n\t\t\t\t<div class=\"elementor-widget-container\">\n\t\t\t\t\t<h1 class=\"elementor-heading-title elementor-size-default\">A Cooper<\/h1>\t\t\t\t<\/div>\n\t\t\t\t<\/div>\n\t\t\t\t\t<\/div>\n\t\t\t\t<\/div>\n\t\t<div class=\"elementor-element elementor-element-d9a624c e-con-full e-flex e-con e-parent\" data-id=\"d9a624c\" data-element_type=\"container\" data-e-type=\"container\" data-settings=\"{&quot;background_background&quot;:&quot;classic&quot;}\">\n\t\t<div class=\"elementor-element elementor-element-94b26b8 e-con-full e-flex elementor-invisible e-con e-child\" data-id=\"94b26b8\" data-element_type=\"container\" data-e-type=\"container\" data-settings=\"{&quot;background_background&quot;:&quot;classic&quot;,&quot;animation&quot;:&quot;fadeInLeft&quot;}\">\n\t\t\t\t<\/div>\n\t\t<div class=\"elementor-element elementor-element-2c021ad e-con-full e-flex e-con e-child\" data-id=\"2c021ad\" data-element_type=\"container\" data-e-type=\"container\">\n\t\t\t\t<div class=\"elementor-element elementor-element-630b25f animated-slow elementor-invisible elementor-widget elementor-widget-heading\" data-id=\"630b25f\" data-element_type=\"widget\" data-e-type=\"widget\" data-settings=\"{&quot;_animation&quot;:&quot;fadeIn&quot;}\" data-widget_type=\"heading.default\">\n\t\t\t\t<div class=\"elementor-widget-container\">\n\t\t\t\t\t<h2 class=\"elementor-heading-title elementor-size-default\">Nossa hist\u00f3ria<\/h2>\t\t\t\t<\/div>\n\t\t\t\t<\/div>\n\t\t\t\t<div class=\"elementor-element elementor-element-9633e7c animated-slow elementor-invisible elementor-widget elementor-widget-text-editor\" data-id=\"9633e7c\" data-element_type=\"widget\" data-e-type=\"widget\" data-settings=\"{&quot;_animation&quot;:&quot;fadeIn&quot;}\" data-widget_type=\"text-editor.default\">\n\t\t\t\t<div class=\"elementor-widget-container\">\n\t\t\t\t\t\t\t\t\t<p>Desde nossa funda\u00e7\u00e3o em 12 de junho de 1993, a Cooper tem se destacado no mercado gra\u00e7as \u00e0 flexibilidade e \u00e0 agilidade que oferecemos aos nossos clientes. Entendemos que o transporte e armazenamento de cargas qu\u00edmicas l\u00edquidas n\u00e3o s\u00e3o apenas servi\u00e7os, mas miss\u00f5es que abra\u00e7amos com responsabilidade, organiza\u00e7\u00e3o e excel\u00eancia.<\/p><p>Como uma cooperativa de motoristas, somos mais do que uma empresa de log\u00edstica \u2013 somos uma comunidade unida pelo compromisso com a qualidade e a flexibilidade. Nossos motoristas n\u00e3o s\u00e3o apenas operadores, s\u00e3o propriet\u00e1rios de uma parte vital da Cooper, diretamente engajados no sucesso de cada entrega. Esse modelo nos permite garantir um servi\u00e7o personalizado, adapt\u00e1vel e sempre focado na excel\u00eancia.<\/p>\t\t\t\t\t\t\t\t<\/div>\n\t\t\t\t<\/div>\n\t\t\t\t<\/div>\n\t\t<div class=\"elementor-element elementor-element-9af6269 e-con-full e-flex e-con e-child\" data-id=\"9af6269\" data-element_type=\"container\" data-e-type=\"container\">\n\t\t\t\t<\/div>\n\t\t\t\t<\/div>\n\t\t<div class=\"elementor-element elementor-element-5bde16c e-con-full e-flex e-con e-parent\" data-id=\"5bde16c\" data-element_type=\"container\" data-e-type=\"container\" data-settings=\"{&quot;background_background&quot;:&quot;classic&quot;}\">\n\t\t<div class=\"elementor-element elementor-element-78eced7 e-con-full e-flex e-con e-child\" data-id=\"78eced7\" data-element_type=\"container\" data-e-type=\"container\" data-settings=\"{&quot;background_background&quot;:&quot;classic&quot;}\">\n\t\t\t\t<\/div>\n\t\t<div class=\"elementor-element elementor-element-b970d13 e-con-full e-flex e-con e-child\" data-id=\"b970d13\" data-element_type=\"container\" data-e-type=\"container\">\n\t\t\t\t<div class=\"elementor-element elementor-element-0f5e95a elementor-widget elementor-widget-image\" data-id=\"0f5e95a\" data-element_type=\"widget\" data-e-type=\"widget\" data-widget_type=\"image.default\">\n\t\t\t\t<div class=\"elementor-widget-container\">\n\t\t\t\t\t\t\t\t\t\t\t\t\t\t\t<img fetchpriority=\"high\" decoding=\"async\" width=\"1000\" height=\"408\" src=\"https:\/\/coopertrans.com.br\/wp-content\/uploads\/2024\/11\/frota-cooper.webp\" class=\"attachment-large size-large wp-image-9676\" alt=\"Coopertrans - Frota\" srcset=\"https:\/\/coopertrans.com.br\/wp-content\/uploads\/2024\/11\/frota-cooper.webp 1000w, https:\/\/coopertrans.com.br\/wp-content\/uploads\/2024\/11\/frota-cooper-300x122.webp 300w, https:\/\/coopertrans.com.br\/wp-content\/uploads\/2024\/11\/frota-cooper-768x313.webp 768w, https:\/\/coopertrans.com.br\/wp-content\/uploads\/2024\/11\/frota-cooper-200x82.webp 200w\" sizes=\"(max-width: 1000px) 100vw, 1000px\" \/>\t\t\t\t\t\t\t\t\t\t\t\t\t\t\t<\/div>\n\t\t\t\t<\/div>\n\t\t\t\t<div class=\"elementor-element elementor-element-b1d9e48 animated-slow elementor-invisible elementor-widget elementor-widget-heading\" data-id=\"b1d9e48\" data-element_type=\"widget\" data-e-type=\"widget\" data-settings=\"{&quot;_animation&quot;:&quot;fadeIn&quot;}\" data-widget_type=\"heading.default\">\n\t\t\t\t<div class=\"elementor-widget-container\">\n\t\t\t\t\t<h2 class=\"elementor-heading-title elementor-size-default\">Nossa frota<\/h2>\t\t\t\t<\/div>\n\t\t\t\t<\/div>\n\t\t\t\t<div class=\"elementor-element elementor-element-36afdd1 animated-slow elementor-invisible elementor-widget elementor-widget-text-editor\" data-id=\"36afdd1\" data-element_type=\"widget\" data-e-type=\"widget\" data-settings=\"{&quot;_animation&quot;:&quot;fadeIn&quot;}\" data-widget_type=\"text-editor.default\">\n\t\t\t\t<div class=\"elementor-widget-container\">\n\t\t\t\t\t\t\t\t\t<p>Cientes de nossa responsabilidade como empresa do segmento de transportes rodovi\u00e1rios de produtos perigosos, mantemos uma gest\u00e3o rigorosa no controle de manuten\u00e7\u00e3o preventiva da frota, garantindo a seguran\u00e7a em nossas opera\u00e7\u00f5es de transporte e minimizando poss\u00edveis impactos ambientais. Nossa versatilidade no atendimento das necessidades de uma ampla carteira de clientes nos levou a desenvolver um escopo de fornecimento que contempla uma frota de equipamentos diversificada.<\/p><p>Atualmente, nossa frota \u00e9 composta por ve\u00edculos equipados com tanques de a\u00e7o inox, tanques de a\u00e7o carbono revestido com PRFV e carrocerias de carga seca, dimensionados para atender \u00e0s mais diversas necessidades dos clientes.<\/p>\t\t\t\t\t\t\t\t<\/div>\n\t\t\t\t<\/div>\n\t\t\t\t<\/div>\n\t\t<div class=\"elementor-element elementor-element-b688246 e-con-full e-flex e-con e-child\" data-id=\"b688246\" data-element_type=\"container\" data-e-type=\"container\">\n\t\t\t\t<\/div>\n\t\t\t\t<\/div>\n\t\t<div class=\"elementor-element elementor-element-eab0032 e-con-full e-flex e-con e-parent\" data-id=\"eab0032\" data-element_type=\"container\" data-e-type=\"container\" data-settings=\"{&quot;background_background&quot;:&quot;classic&quot;}\">\n\t\t<div class=\"elementor-element elementor-element-eebbd51 e-con-full e-flex e-con e-child\" data-id=\"eebbd51\" data-element_type=\"container\" data-e-type=\"container\" data-settings=\"{&quot;background_background&quot;:&quot;classic&quot;}\">\n\t\t\t\t<\/div>\n\t\t<div class=\"elementor-element elementor-element-70bb3f5 e-con-full e-flex e-con e-child\" data-id=\"70bb3f5\" data-element_type=\"container\" data-e-type=\"container\">\n\t\t\t\t<div class=\"elementor-element elementor-element-d8483f4 elementor-widget elementor-widget-image\" data-id=\"d8483f4\" data-element_type=\"widget\" data-e-type=\"widget\" data-widget_type=\"image.default\">\n\t\t\t\t<div class=\"elementor-widget-container\">\n\t\t\t\t\t\t\t\t\t\t\t\t\t\t\t<img decoding=\"async\" width=\"1024\" height=\"724\" src=\"https:\/\/coopertrans.com.br\/wp-content\/uploads\/2025\/08\/site-1024x724.jpg\" class=\"attachment-large size-large wp-image-10150\" alt=\"\" srcset=\"https:\/\/coopertrans.com.br\/wp-content\/uploads\/2025\/08\/site-1024x724.jpg 1024w, https:\/\/coopertrans.com.br\/wp-content\/uploads\/2025\/08\/site-300x212.jpg 300w, https:\/\/coopertrans.com.br\/wp-content\/uploads\/2025\/08\/site-768x543.jpg 768w, https:\/\/coopertrans.com.br\/wp-content\/uploads\/2025\/08\/site-1536x1086.jpg 1536w, https:\/\/coopertrans.com.br\/wp-content\/uploads\/2025\/08\/site-2048x1448.jpg 2048w, https:\/\/coopertrans.com.br\/wp-content\/uploads\/2025\/08\/site-18x12.jpg 18w, https:\/\/coopertrans.com.br\/wp-content\/uploads\/2025\/08\/site-200x141.jpg 200w\" sizes=\"(max-width: 1024px) 100vw, 1024px\" \/>\t\t\t\t\t\t\t\t\t\t\t\t\t\t\t<\/div>\n\t\t\t\t<\/div>\n\t\t\t\t<\/div>\n\t\t<div class=\"elementor-element elementor-element-2908902 e-con-full e-flex e-con e-child\" data-id=\"2908902\" data-element_type=\"container\" data-e-type=\"container\">\n\t\t\t\t<\/div>\n\t\t\t\t<\/div>\n\t\t\t\t<\/div>\n\t\t","protected":false},"excerpt":{"rendered":"<p>A Cooper Nossa hist\u00f3ria Desde nossa funda\u00e7\u00e3o em 12 de junho de 1993, a Cooper tem se destacado no mercado gra\u00e7as \u00e0 flexibilidade e \u00e0 agilidade que oferecemos aos nossos clientes. Entendemos que o transporte e armazenamento de cargas qu\u00edmicas l\u00edquidas n\u00e3o s\u00e3o apenas servi\u00e7os, mas miss\u00f5es que abra\u00e7amos com responsabilidade, organiza\u00e7\u00e3o e excel\u00eancia. Como&hellip;&nbsp;<a href=\"https:\/\/coopertrans.com.br\/pt_br\/a-cooper\/\" rel=\"bookmark\"><span class=\"screen-reader-text\">A Cooper<\/span><\/a><\/p>\n","protected":false},"author":1313,"featured_media":0,"parent":0,"menu_order":0,"comment_status":"closed","ping_status":"closed","template":"elementor_header_footer","meta":{"neve_meta_sidebar":"","neve_meta_container":"","neve_meta_enable_content_width":"","neve_meta_content_width":0,"neve_meta_title_alignment":"","neve_meta_author_avatar":"","neve_post_elements_order":"","neve_meta_disable_header":"","neve_meta_disable_footer":"","neve_meta_disable_title":"","footnotes":""},"class_list":["post-151","page","type-page","status-publish","hentry"],"_links":{"self":[{"href":"https:\/\/coopertrans.com.br\/pt_br\/wp-json\/wp\/v2\/pages\/151","targetHints":{"allow":["GET"]}}],"collection":[{"href":"https:\/\/coopertrans.com.br\/pt_br\/wp-json\/wp\/v2\/pages"}],"about":[{"href":"https:\/\/coopertrans.com.br\/pt_br\/wp-json\/wp\/v2\/types\/page"}],"author":[{"embeddable":true,"href":"https:\/\/coopertrans.com.br\/pt_br\/wp-json\/wp\/v2\/users\/1313"}],"replies":[{"embeddable":true,"href":"https:\/\/coopertrans.com.br\/pt_br\/wp-json\/wp\/v2\/comments?post=151"}],"version-history":[{"count":123,"href":"https:\/\/coopertrans.com.br\/pt_br\/wp-json\/wp\/v2\/pages\/151\/revisions"}],"predecessor-version":[{"id":10175,"href":"https:\/\/coopertrans.com.br\/pt_br\/wp-json\/wp\/v2\/pages\/151\/revisions\/10175"}],"wp:attachment":[{"href":"https:\/\/coopertrans.com.br\/pt_br\/wp-json\/wp\/v2\/media?parent=151"}],"curies":[{"name":"wp","href":"https:\/\/api.w.org\/{rel}","templated":true}]}}