{"id":4455,"date":"2023-04-27T21:49:11","date_gmt":"2023-04-28T00:49:11","guid":{"rendered":"https:\/\/coopertrans.com.br\/?page_id=4455"},"modified":"2024-11-06T23:54:22","modified_gmt":"2024-11-07T02:54:22","slug":"intranet-upload","status":"publish","type":"page","link":"https:\/\/coopertrans.com.br\/pt_br\/intranet-upload\/","title":{"rendered":"Intranet &#8211; Upload"},"content":{"rendered":"\t\t<div data-elementor-type=\"wp-page\" data-elementor-id=\"4455\" class=\"elementor elementor-4455\">\n\t\t\t\t<div class=\"elementor-element elementor-element-71ef488 e-flex e-con-boxed e-con e-parent\" data-id=\"71ef488\" data-element_type=\"container\" data-e-type=\"container\" data-settings=\"{&quot;background_background&quot;:&quot;classic&quot;}\">\n\t\t\t\t\t<div class=\"e-con-inner\">\n\t\t\t\t<div class=\"elementor-element elementor-element-501cb5d elementor-widget elementor-widget-heading\" data-id=\"501cb5d\" data-element_type=\"widget\" data-e-type=\"widget\" data-widget_type=\"heading.default\">\n\t\t\t\t<div class=\"elementor-widget-container\">\n\t\t\t\t\t<h1 class=\"elementor-heading-title elementor-size-default\">Intranet<\/h1>\t\t\t\t<\/div>\n\t\t\t\t<\/div>\n\t\t\t\t\t<\/div>\n\t\t\t\t<\/div>\n\t\t<div class=\"elementor-element elementor-element-293847bb e-flex e-con-boxed e-con e-parent\" data-id=\"293847bb\" data-element_type=\"container\" data-e-type=\"container\">\n\t\t\t\t\t<div class=\"e-con-inner\">\n\t\t\t\t<div class=\"elementor-element elementor-element-583e9e9d elementor-widget elementor-widget-text-editor\" data-id=\"583e9e9d\" data-element_type=\"widget\" data-e-type=\"widget\" data-widget_type=\"text-editor.default\">\n\t\t\t\t<div class=\"elementor-widget-container\">\n\t\t\t\t\t\t\t\t\t\n<p class=\"montserrat\" style=\"margin-bottom: 50px; font-size:17px; line-height: 1;\">Caro administrador, use a interface abaixo para carregar os arquivos para os colaboradores. N\u00e3o se esque\u00e7a de definir o Grupo de Arquivos correspondente a cada colaborador.<\/p>\n\n\n<p>\u00c1rea restrita. Voc\u00ea n\u00e3o tem permiss\u00e3o para acessar esta p\u00e1gina.<\/p>\n\n\n\n<p style=\"text-align: center; margin: 50px 0;\">\n<a class=\"btintranet\" href=\"https:\/\/coopertrans.com.br\/conta\/\">Sua conta<\/a><a class=\"btintranet\" href=\"https:\/\/coopertrans.com.br\/membros\/\">Lista de colaboradores<\/a><a class=\"btintranet\" href=\"https:\/\/coopertrans.com.br\/wp-admin\/\">Painel do WordPress<\/a><a class=\"btintranet\" href=\"https:\/\/coopertrans.com.br\/logout\/\">Sair<\/a>\n<\/p>\n\t\t\t\t\t\t\t\t<\/div>\n\t\t\t\t<\/div>\n\t\t\t\t\t<\/div>\n\t\t\t\t<\/div>\n\t\t\t\t<\/div>\n\t\t","protected":false},"excerpt":{"rendered":"<p>Intranet Caro administrador, use a interface abaixo para carregar os arquivos para os colaboradores. N\u00e3o se esque\u00e7a de definir o Grupo de Arquivos correspondente a cada colaborador. Sua contaLista de colaboradoresPainel do WordPressSair<\/p>\n","protected":false},"author":1313,"featured_media":4454,"parent":0,"menu_order":0,"comment_status":"closed","ping_status":"closed","template":"elementor_header_footer","meta":{"neve_meta_sidebar":"","neve_meta_container":"","neve_meta_enable_content_width":"","neve_meta_content_width":0,"neve_meta_title_alignment":"","neve_meta_author_avatar":"","neve_post_elements_order":"","neve_meta_disable_header":"","neve_meta_disable_footer":"","neve_meta_disable_title":"","footnotes":""},"class_list":["post-4455","page","type-page","status-publish","has-post-thumbnail","hentry"],"_links":{"self":[{"href":"https:\/\/coopertrans.com.br\/pt_br\/wp-json\/wp\/v2\/pages\/4455","targetHints":{"allow":["GET"]}}],"collection":[{"href":"https:\/\/coopertrans.com.br\/pt_br\/wp-json\/wp\/v2\/pages"}],"about":[{"href":"https:\/\/coopertrans.com.br\/pt_br\/wp-json\/wp\/v2\/types\/page"}],"author":[{"embeddable":true,"href":"https:\/\/coopertrans.com.br\/pt_br\/wp-json\/wp\/v2\/users\/1313"}],"replies":[{"embeddable":true,"href":"https:\/\/coopertrans.com.br\/pt_br\/wp-json\/wp\/v2\/comments?post=4455"}],"version-history":[{"count":14,"href":"https:\/\/coopertrans.com.br\/pt_br\/wp-json\/wp\/v2\/pages\/4455\/revisions"}],"predecessor-version":[{"id":10010,"href":"https:\/\/coopertrans.com.br\/pt_br\/wp-json\/wp\/v2\/pages\/4455\/revisions\/10010"}],"wp:featuredmedia":[{"embeddable":true,"href":"https:\/\/coopertrans.com.br\/pt_br\/wp-json\/wp\/v2\/media\/4454"}],"wp:attachment":[{"href":"https:\/\/coopertrans.com.br\/pt_br\/wp-json\/wp\/v2\/media?parent=4455"}],"curies":[{"name":"wp","href":"https:\/\/api.w.org\/{rel}","templated":true}]}}