{"id":591,"date":"2018-03-08T11:26:00","date_gmt":"2018-03-08T17:26:00","guid":{"rendered":"https:\/\/coopertrans.com.br\/?page_id=591"},"modified":"2024-11-06T22:34:51","modified_gmt":"2024-11-07T01:34:51","slug":"sac","status":"publish","type":"page","link":"https:\/\/coopertrans.com.br\/pt_br\/sac\/","title":{"rendered":"Sac"},"content":{"rendered":"\t\t<div data-elementor-type=\"wp-page\" data-elementor-id=\"591\" class=\"elementor elementor-591\">\n\t\t\t\t<div class=\"elementor-element elementor-element-ce84831 e-flex e-con-boxed e-con e-parent\" data-id=\"ce84831\" data-element_type=\"container\" data-e-type=\"container\" data-settings=\"{&quot;background_background&quot;:&quot;classic&quot;}\">\n\t\t\t\t\t<div class=\"e-con-inner\">\n\t\t\t\t<div class=\"elementor-element elementor-element-54dcb7c elementor-widget elementor-widget-heading\" data-id=\"54dcb7c\" data-element_type=\"widget\" data-e-type=\"widget\" data-widget_type=\"heading.default\">\n\t\t\t\t<div class=\"elementor-widget-container\">\n\t\t\t\t\t<h1 class=\"elementor-heading-title elementor-size-default\">Fale Conosco<\/h1>\t\t\t\t<\/div>\n\t\t\t\t<\/div>\n\t\t\t\t<div class=\"elementor-element elementor-element-1c83a90 elementor-widget elementor-widget-heading\" data-id=\"1c83a90\" data-element_type=\"widget\" data-e-type=\"widget\" data-widget_type=\"heading.default\">\n\t\t\t\t<div class=\"elementor-widget-container\">\n\t\t\t\t\t<h1 class=\"elementor-heading-title elementor-size-default\">SAC<\/h1>\t\t\t\t<\/div>\n\t\t\t\t<\/div>\n\t\t\t\t\t<\/div>\n\t\t\t\t<\/div>\n\t\t<div class=\"elementor-element elementor-element-dfe823d e-flex e-con-boxed e-con e-parent\" data-id=\"dfe823d\" data-element_type=\"container\" data-e-type=\"container\" data-settings=\"{&quot;background_background&quot;:&quot;classic&quot;}\">\n\t\t\t\t\t<div class=\"e-con-inner\">\n\t\t<div class=\"elementor-element elementor-element-9d3eaf4 e-con-full e-flex e-con e-child\" data-id=\"9d3eaf4\" data-element_type=\"container\" data-e-type=\"container\">\n\t\t\t\t<div class=\"elementor-element elementor-element-5175663 elementor-view-default elementor-widget elementor-widget-icon\" data-id=\"5175663\" data-element_type=\"widget\" data-e-type=\"widget\" data-widget_type=\"icon.default\">\n\t\t\t\t<div class=\"elementor-widget-container\">\n\t\t\t\t\t\t\t<div class=\"elementor-icon-wrapper\">\n\t\t\t<div class=\"elementor-icon\">\n\t\t\t<svg xmlns=\"http:\/\/www.w3.org\/2000\/svg\" xml:space=\"preserve\" width=\"355.955\" height=\"461.957\" style=\"shape-rendering:geometricPrecision;text-rendering:geometricPrecision;image-rendering:optimizeQuality;fill-rule:evenodd;clip-rule:evenodd\" viewBox=\"0 0 1904 2470\"><path d=\"M706 1469c0 147-142 132-292 221-37 22-70 37-107 59-118 70-307 172-307 351 0 113 25 170 123 235 262 174 1113 151 1416 91 154-31 365-94 365-273 0-129-14-189-114-282l-95-71c-104-69-227-116-345-163-41-16-75-33-107-58-18-14-28-27-36-50-5-19-8-57 1-76-63 0-144 9-190-12-120-55-102-196-40-245 56-44 111-37 182-37 76 0 103 32 107 32l99-19c19-7 12-1 31-49 85-214 111-446-10-650-54-89-124-147-220-187-141-60-345-46-481 30-17 9-25 13-40 24-136 101-193 240-202 413-10 176 31 330 122 482l73 108c26 34 67 78 67 126zM176 742c-36 19-74 52-74 107v267c0 164 267 187 267-21V881c0-80-27-107-75-139 22-95-1-104 66-250 175-381 726-507 1045-187 57 57 100 107 137 184 18 39 30 71 43 117 19 65 15 93 24 136-47 32-74 59-74 139 0 86-8 203 10 283-87 46-163 87-273 97l-37-6c-10-5-26-27-53-27-69 0-128-11-163 25-53 52-7 130 45 130 107 0 151 16 182-42 108 0 222-40 312-89 6-4 35-24 35-24 31 0 17 16 81 16 71 0 128-57 128-128V859c0-63-33-95-75-117 0-69-9-108-23-164-22-85-70-186-123-257-317-426-938-428-1256-3-86 114-149 279-149 424z\" style=\"fill:#00a86a\"><\/path><\/svg>\t\t\t<\/div>\n\t\t<\/div>\n\t\t\t\t\t\t<\/div>\n\t\t\t\t<\/div>\n\t\t\t\t<div class=\"elementor-element elementor-element-8711714 animated-slow elementor-invisible elementor-widget elementor-widget-heading\" data-id=\"8711714\" data-element_type=\"widget\" data-e-type=\"widget\" data-settings=\"{&quot;_animation&quot;:&quot;fadeInUp&quot;}\" data-widget_type=\"heading.default\">\n\t\t\t\t<div class=\"elementor-widget-container\">\n\t\t\t\t\t<h2 class=\"elementor-heading-title elementor-size-default\">Central de atendimentos<br \/>e emerg\u00eancias <\/h2>\t\t\t\t<\/div>\n\t\t\t\t<\/div>\n\t\t\t\t<div class=\"elementor-element elementor-element-a11e800 elementor-align-center animated-slow elementor-icon-list--layout-traditional elementor-list-item-link-full_width elementor-invisible elementor-widget elementor-widget-icon-list\" data-id=\"a11e800\" data-element_type=\"widget\" data-e-type=\"widget\" data-settings=\"{&quot;_animation&quot;:&quot;fadeInUp&quot;}\" data-widget_type=\"icon-list.default\">\n\t\t\t\t<div class=\"elementor-widget-container\">\n\t\t\t\t\t\t\t<ul class=\"elementor-icon-list-items\">\n\t\t\t\t\t\t\t<li class=\"elementor-icon-list-item\">\n\t\t\t\t\t\t\t\t\t\t\t<span class=\"elementor-icon-list-icon\">\n\t\t\t\t\t\t\t<svg xmlns=\"http:\/\/www.w3.org\/2000\/svg\" xml:space=\"preserve\" width=\"295.293\" height=\"295.293\" style=\"shape-rendering:geometricPrecision;text-rendering:geometricPrecision;image-rendering:optimizeQuality;fill-rule:evenodd;clip-rule:evenodd\" viewBox=\"0 0 5832 5832\"><path d=\"M2172 2479c0 129 15 119 117 221l849 848c117 117 195 182 332 44 77-78 258-286 334-286 126 0 205 124 308 226 251 252 211 215-136 566-263 266-745 112-1119-104-415-240-794-635-1035-1052-160-279-375-791-83-1080 79-78 176-190 257-255 142-116 266 76 429 238 75 75 106 84 106 188 0 55-48 86-79 117-72 72-280 257-280 329zM2916 0c806 0 1535 326 2062 854 528 528 854 1257 854 2062 0 806-326 1535-854 2062-527 528-1256 854-2062 854-805 0-1534-326-2062-854C326 4451 0 3722 0 2916c0-805 326-1534 854-2062S2111 0 2916 0zm1869 1048c-479-478-1139-774-1869-774-729 0-1390 296-1868 774S274 2187 274 2916c0 730 296 1390 774 1869 478 478 1139 774 1868 774 730 0 1390-296 1869-774 478-479 774-1139 774-1869 0-729-296-1390-774-1868zm-186 2737c0-278-99-332-302-536-140-140-240-280-493-280-247 0-366 218-479 294l-753-748 190-207c141-170 141-399 7-578-56-76-369-395-477-448-93-46-141-43-240-43-152 0-255 97-334 177-111 111-221 205-316 326-153 196-159 504-112 737 189 933 1135 1821 1959 2040 325 86 684 88 912-138 173-172 438-382 438-596z\"><\/path><\/svg>\t\t\t\t\t\t<\/span>\n\t\t\t\t\t\t\t\t\t\t<span class=\"elementor-icon-list-text\">(11) 4546 - 8181<\/span>\n\t\t\t\t\t\t\t\t\t<\/li>\n\t\t\t\t\t\t<\/ul>\n\t\t\t\t\t\t<\/div>\n\t\t\t\t<\/div>\n\t\t\t\t<div class=\"elementor-element elementor-element-1ad4db3 elementor-view-default elementor-widget elementor-widget-icon\" data-id=\"1ad4db3\" data-element_type=\"widget\" data-e-type=\"widget\" data-widget_type=\"icon.default\">\n\t\t\t\t<div class=\"elementor-widget-container\">\n\t\t\t\t\t\t\t<div class=\"elementor-icon-wrapper\">\n\t\t\t<div class=\"elementor-icon\">\n\t\t\t<svg xmlns=\"http:\/\/www.w3.org\/2000\/svg\" xml:space=\"preserve\" width=\"1755.284\" height=\"469.368\" style=\"shape-rendering:geometricPrecision;text-rendering:geometricPrecision;image-rendering:optimizeQuality;fill-rule:evenodd;clip-rule:evenodd\" viewBox=\"0 0 46442 12419\"><path d=\"M11902 9178c2562 18 4166-1641 4587-3617 273-1283 15-1775 885-2904 287-373 988-776 1854-789 866-12 2894 499 2878 2801-13 1874-1591 2663-2738 2680-1147 18-1839-490-2330-1225-192 740-737 1529-912 1762 781 741 1546 1269 3180 1303 1633 34 4647-1301 4638-4528-7-2656-2031-4603-4586-4660-1143-25-2508 487-3396 1491-888 1003-1027 1671-1120 2322-81 564-56 1016-200 1503-368 1254-1221 2026-2701 2030-1479 5-2720-1281-2716-2801 4-1438 1191-2605 2619-2678 1301-66 1986 562 2456 1216 167-605 514-1259 924-1762C14133 376 13311-5 11873 1 9439 101 7463 2070 7368 4502c-106 2694 2114 4659 4534 4676zM41437 22v9153c0 24 8 32 32 32h1762c24 0 32-8 32-32V1859c820 53 1276 327 1825 806l1354-1369C45218 190 44110 33 43161 9l-1724 13zM7846 7864c-272-407-677-958-913-1772-867 1280-2429 1673-3799 846-875-527-1321-1406-1293-2445 52-1963 2258-3275 3997-2354L7169 785C4184-1228 126 860 3 4502c-134 3939 4819 6369 7843 3362zm16033-6005c866 0 1747-26 2610 0 1618 48 2988 1287 2862 2810-127 1523-1174 2690-2540 2690h-1858v5060h1793V9207c2578 0 4574-2154 4620-4500S29679 12 26603 12h-4646c977 646 1495 1205 1857 1795 18 36 9 52 65 52zm15131 1708h-5122c888-2310 4226-2316 5122 0zM36586 1c1390-19 2779 797 3610 1940 635 874 962 1871 844 3377h-7227c310 1293 1661 2127 2838 2030l-3 1837c-1310 0-2072-204-3135-1075-1132-927-1644-2350-1633-3769 8-1201 727-2563 1707-3330 996-779 1744-993 2999-1010z\" style=\"fill:#00a86a\"><\/path><\/svg>\t\t\t<\/div>\n\t\t<\/div>\n\t\t\t\t\t\t<\/div>\n\t\t\t\t<\/div>\n\t\t\t\t<\/div>\n\t\t<div class=\"elementor-element elementor-element-45ce2e4 e-con-full e-flex e-con e-child\" data-id=\"45ce2e4\" data-element_type=\"container\" data-e-type=\"container\">\n\t\t<div class=\"elementor-element elementor-element-a782a71 e-con-full e-flex e-con e-child\" data-id=\"a782a71\" data-element_type=\"container\" data-e-type=\"container\" data-settings=\"{&quot;background_background&quot;:&quot;classic&quot;}\">\n\t\t\t\t<div class=\"elementor-element elementor-element-4b55ff6 elementor-widget elementor-widget-heading\" data-id=\"4b55ff6\" data-element_type=\"widget\" data-e-type=\"widget\" data-widget_type=\"heading.default\">\n\t\t\t\t<div class=\"elementor-widget-container\">\n\t\t\t\t\t<h2 class=\"elementor-heading-title elementor-size-default\">Contato<\/h2>\t\t\t\t<\/div>\n\t\t\t\t<\/div>\n\t\t\t\t<div class=\"elementor-element elementor-element-d047ca7 elementor-widget elementor-widget-text-editor\" data-id=\"d047ca7\" data-element_type=\"widget\" data-e-type=\"widget\" data-widget_type=\"text-editor.default\">\n\t\t\t\t<div class=\"elementor-widget-container\">\n\t\t\t\t\t\t\t\t\t<p style=\"margin:0\">Preencha o formul\u00e1rio abaixo e entre em contato conosco. Teremos o prazer em respond\u00ea-lo o quanto antes.<\/p>\t\t\t\t\t\t\t\t<\/div>\n\t\t\t\t<\/div>\n\t\t\t\t<\/div>\n\t\t\t\t<div class=\"elementor-element elementor-element-2a4c0d5 eael-contact-form-7-button-full-width elementor-widget elementor-widget-eael-contact-form-7\" data-id=\"2a4c0d5\" data-element_type=\"widget\" data-e-type=\"widget\" data-widget_type=\"eael-contact-form-7.default\">\n\t\t\t\t<div class=\"elementor-widget-container\">\n\t\t\t\t\t<div class=\"eael-contact-form-7-wrapper\">\n                <div class=\"eael-contact-form eael-contact-form-7 eael-contact-form-2a4c0d5 placeholder-show eael-contact-form-align-default\">\n<div class=\"wpcf7 no-js\" id=\"wpcf7-f9995-o1\" lang=\"pt-BR\" dir=\"ltr\" data-wpcf7-id=\"9995\">\n<div class=\"screen-reader-response\"><p role=\"status\" aria-live=\"polite\" aria-atomic=\"true\"><\/p> <ul><\/ul><\/div>\n<form action=\"\/pt_br\/wp-json\/wp\/v2\/pages\/591#wpcf7-f9995-o1\" method=\"post\" class=\"wpcf7-form init\" aria-label=\"Formul\u00e1rios de contato\" novalidate=\"novalidate\" data-status=\"init\">\n<fieldset class=\"hidden-fields-container\"><input type=\"hidden\" name=\"_wpcf7\" value=\"9995\" \/><input type=\"hidden\" name=\"_wpcf7_version\" value=\"6.1.5\" \/><input type=\"hidden\" name=\"_wpcf7_locale\" value=\"pt_BR\" \/><input type=\"hidden\" name=\"_wpcf7_unit_tag\" value=\"wpcf7-f9995-o1\" \/><input type=\"hidden\" name=\"_wpcf7_container_post\" value=\"0\" \/><input type=\"hidden\" name=\"_wpcf7_posted_data_hash\" value=\"\" \/>\n<\/fieldset>\n<table>\n\t<tr>\n\t\t<td>\n\t\t\t<p><label>Empresa* <span class=\"wpcf7-form-control-wrap\" data-name=\"empresa\"><input size=\"40\" maxlength=\"400\" class=\"wpcf7-form-control wpcf7-text wpcf7-validates-as-required\" aria-required=\"true\" aria-invalid=\"false\" value=\"\" type=\"text\" name=\"empresa\" \/><\/span><\/label>\n\t\t\t<\/p>\n\t\t<\/td>\n\t\t<td>\n\t\t\t<p><label>Contato <span class=\"wpcf7-form-control-wrap\" data-name=\"contato\"><input size=\"40\" maxlength=\"400\" class=\"wpcf7-form-control wpcf7-text\" aria-invalid=\"false\" value=\"\" type=\"text\" name=\"contato\" \/><\/span><\/label>\n\t\t\t<\/p>\n\t\t<\/td>\n\t<\/tr>\n\t<tr>\n\t\t<td>\n\t\t\t<p><label>Telefone <span class=\"wpcf7-form-control-wrap\" data-name=\"telefone\"><input size=\"40\" maxlength=\"400\" class=\"wpcf7-form-control wpcf7-tel wpcf7-text wpcf7-validates-as-tel\" aria-invalid=\"false\" value=\"\" type=\"tel\" name=\"telefone\" \/><\/span><\/label>\n\t\t\t<\/p>\n\t\t<\/td>\n\t\t<td>\n\t\t\t<p><label>Email* <span class=\"wpcf7-form-control-wrap\" data-name=\"email\"><input size=\"40\" maxlength=\"400\" class=\"wpcf7-form-control wpcf7-email wpcf7-validates-as-required wpcf7-text wpcf7-validates-as-email\" autocomplete=\"email\" aria-required=\"true\" aria-invalid=\"false\" value=\"\" type=\"email\" name=\"email\" \/><\/span><\/label>\n\t\t\t<\/p>\n\t\t<\/td>\n\t<\/tr>\n\t<tr>\n\t\t<td>\n\t\t\t<p><label>Cidade <span class=\"wpcf7-form-control-wrap\" data-name=\"cidade\"><input size=\"40\" maxlength=\"400\" class=\"wpcf7-form-control wpcf7-text\" aria-invalid=\"false\" value=\"\" type=\"text\" name=\"cidade\" \/><\/span><\/label>\n\t\t\t<\/p>\n\t\t<\/td>\n\t\t<td>\n\t\t\t<p><label>Estado* <span class=\"wpcf7-form-control-wrap\" data-name=\"estado\"><input size=\"40\" maxlength=\"400\" class=\"wpcf7-form-control wpcf7-text wpcf7-validates-as-required\" aria-required=\"true\" aria-invalid=\"false\" value=\"\" type=\"text\" name=\"estado\" \/><\/span><\/label>\n\t\t\t<\/p>\n\t\t<\/td>\n\t<\/tr>\n\t<tr>\n\t\t<td colspan=\"2\">\n\t\t\t<p><label>Como Podemos Ajudar?* <span class=\"wpcf7-form-control-wrap\" data-name=\"mensagem\"><textarea cols=\"40\" rows=\"10\" maxlength=\"2000\" class=\"wpcf7-form-control wpcf7-textarea\" aria-invalid=\"false\" name=\"mensagem\"><\/textarea><\/span><\/label>\n\t\t\t<\/p>\n\t\t<\/td>\n\t<\/tr>\n\t<tr>\n\t\t<td colspan=\"2\">\n\t\t\t<p><input class=\"wpcf7-form-control wpcf7-submit has-spinner\" type=\"submit\" value=\"Enviar\" \/>\n\t\t\t<\/p>\n\t\t<\/td>\n\t<\/tr>\n<\/table><div class=\"wpcf7-response-output\" aria-hidden=\"true\"><\/div>\n<\/form>\n<\/div>\n<\/div>\n            <\/div>\t\t\t\t<\/div>\n\t\t\t\t<\/div>\n\t\t\t\t<\/div>\n\t\t\t\t\t<\/div>\n\t\t\t\t<\/div>\n\t\t\t\t<\/div>\n\t\t","protected":false},"excerpt":{"rendered":"<p>Fale Conosco SAC Central de atendimentose emerg\u00eancias (11) 4546 &#8211; 8181 Contato Preencha o formul\u00e1rio abaixo e entre em contato conosco. Teremos o prazer em respond\u00ea-lo o quanto antes. Empresa* Contato Telefone Email* Cidade Estado* Como Podemos Ajudar?*<\/p>\n","protected":false},"author":1313,"featured_media":0,"parent":0,"menu_order":1,"comment_status":"closed","ping_status":"closed","template":"elementor_header_footer","meta":{"neve_meta_sidebar":"","neve_meta_container":"","neve_meta_enable_content_width":"","neve_meta_content_width":0,"neve_meta_title_alignment":"","neve_meta_author_avatar":"","neve_post_elements_order":"","neve_meta_disable_header":"","neve_meta_disable_footer":"","neve_meta_disable_title":"","footnotes":""},"class_list":["post-591","page","type-page","status-publish","hentry"],"_links":{"self":[{"href":"https:\/\/coopertrans.com.br\/pt_br\/wp-json\/wp\/v2\/pages\/591","targetHints":{"allow":["GET"]}}],"collection":[{"href":"https:\/\/coopertrans.com.br\/pt_br\/wp-json\/wp\/v2\/pages"}],"about":[{"href":"https:\/\/coopertrans.com.br\/pt_br\/wp-json\/wp\/v2\/types\/page"}],"author":[{"embeddable":true,"href":"https:\/\/coopertrans.com.br\/pt_br\/wp-json\/wp\/v2\/users\/1313"}],"replies":[{"embeddable":true,"href":"https:\/\/coopertrans.com.br\/pt_br\/wp-json\/wp\/v2\/comments?post=591"}],"version-history":[{"count":66,"href":"https:\/\/coopertrans.com.br\/pt_br\/wp-json\/wp\/v2\/pages\/591\/revisions"}],"predecessor-version":[{"id":9998,"href":"https:\/\/coopertrans.com.br\/pt_br\/wp-json\/wp\/v2\/pages\/591\/revisions\/9998"}],"wp:attachment":[{"href":"https:\/\/coopertrans.com.br\/pt_br\/wp-json\/wp\/v2\/media?parent=591"}],"curies":[{"name":"wp","href":"https:\/\/api.w.org\/{rel}","templated":true}]}}