{"id":9702,"date":"2024-11-06T09:50:27","date_gmt":"2024-11-06T12:50:27","guid":{"rendered":"https:\/\/coopertrans.com.br\/?page_id=9702"},"modified":"2024-11-06T10:36:31","modified_gmt":"2024-11-06T13:36:31","slug":"servicos","status":"publish","type":"page","link":"https:\/\/coopertrans.com.br\/pt_br\/servicos\/","title":{"rendered":"Servi\u00e7os"},"content":{"rendered":"\t\t<div data-elementor-type=\"wp-page\" data-elementor-id=\"9702\" class=\"elementor elementor-9702\">\n\t\t\t\t<div class=\"elementor-element elementor-element-156e147 e-flex e-con-boxed e-con e-parent\" data-id=\"156e147\" data-element_type=\"container\" data-e-type=\"container\" data-settings=\"{&quot;background_background&quot;:&quot;classic&quot;}\">\n\t\t\t\t\t<div class=\"e-con-inner\">\n\t\t\t\t<div class=\"elementor-element elementor-element-b8472f0 elementor-widget elementor-widget-heading\" data-id=\"b8472f0\" data-element_type=\"widget\" data-e-type=\"widget\" data-widget_type=\"heading.default\">\n\t\t\t\t<div class=\"elementor-widget-container\">\n\t\t\t\t\t<h1 class=\"elementor-heading-title elementor-size-default\">Servi\u00e7os<\/h1>\t\t\t\t<\/div>\n\t\t\t\t<\/div>\n\t\t\t\t\t<\/div>\n\t\t\t\t<\/div>\n\t\t<div class=\"elementor-element elementor-element-e973f14 animated-slow e-flex e-con-boxed elementor-invisible e-con e-parent\" data-id=\"e973f14\" data-element_type=\"container\" data-e-type=\"container\" data-settings=\"{&quot;background_background&quot;:&quot;classic&quot;,&quot;animation&quot;:&quot;fadeIn&quot;}\">\n\t\t\t\t\t<div class=\"e-con-inner\">\n\t\t<div class=\"elementor-element elementor-element-0626cae e-con-full e-flex e-con e-child\" data-id=\"0626cae\" data-element_type=\"container\" data-e-type=\"container\">\n\t\t\t\t<div class=\"elementor-element elementor-element-5166c5e elementor-widget elementor-widget-image\" data-id=\"5166c5e\" data-element_type=\"widget\" data-e-type=\"widget\" data-widget_type=\"image.default\">\n\t\t\t\t<div class=\"elementor-widget-container\">\n\t\t\t\t\t\t\t\t\t\t\t\t\t\t\t<img fetchpriority=\"high\" decoding=\"async\" width=\"890\" height=\"500\" src=\"https:\/\/coopertrans.com.br\/wp-content\/uploads\/2024\/11\/servicos2.webp\" class=\"attachment-large size-large wp-image-9717\" alt=\"Coopertrans - Servi\u00e7os\" srcset=\"https:\/\/coopertrans.com.br\/wp-content\/uploads\/2024\/11\/servicos2.webp 890w, https:\/\/coopertrans.com.br\/wp-content\/uploads\/2024\/11\/servicos2-300x169.webp 300w, https:\/\/coopertrans.com.br\/wp-content\/uploads\/2024\/11\/servicos2-768x431.webp 768w, https:\/\/coopertrans.com.br\/wp-content\/uploads\/2024\/11\/servicos2-200x112.webp 200w\" sizes=\"(max-width: 890px) 100vw, 890px\" \/>\t\t\t\t\t\t\t\t\t\t\t\t\t\t\t<\/div>\n\t\t\t\t<\/div>\n\t\t\t\t<\/div>\n\t\t<div class=\"elementor-element elementor-element-d45989f e-con-full e-flex e-con e-child\" data-id=\"d45989f\" data-element_type=\"container\" data-e-type=\"container\">\n\t\t\t\t<div class=\"elementor-element elementor-element-630b25f animated-slow elementor-invisible elementor-widget elementor-widget-heading\" data-id=\"630b25f\" data-element_type=\"widget\" data-e-type=\"widget\" data-settings=\"{&quot;_animation&quot;:&quot;fadeIn&quot;}\" data-widget_type=\"heading.default\">\n\t\t\t\t<div class=\"elementor-widget-container\">\n\t\t\t\t\t<h2 class=\"elementor-heading-title elementor-size-default\">Transporte de Cargas Qu\u00edmicas<\/h2>\t\t\t\t<\/div>\n\t\t\t\t<\/div>\n\t\t\t\t<div class=\"elementor-element elementor-element-9633e7c animated-slow elementor-invisible elementor-widget elementor-widget-text-editor\" data-id=\"9633e7c\" data-element_type=\"widget\" data-e-type=\"widget\" data-settings=\"{&quot;_animation&quot;:&quot;fadeIn&quot;}\" data-widget_type=\"text-editor.default\">\n\t\t\t\t<div class=\"elementor-widget-container\">\n\t\t\t\t\t\t\t\t\t<p>Operar no segmento de transporte de cargas qu\u00edmicas exige um compromisso inabal\u00e1vel com a seguran\u00e7a. Mantemos um rigoroso controle de manuten\u00e7\u00e3o preventiva de nossa frota e investimos continuamente em tecnologia de ponta, como o sistema ERP (Enterprise Resource Planning), que gerencia todas as opera\u00e7\u00f5es di\u00e1rias, integrando processos administrativos e operacionais. Esse investimento em tecnologia nos permite operar com efici\u00eancia, minimizando riscos e impactos ambientais.<\/p>\t\t\t\t\t\t\t\t<\/div>\n\t\t\t\t<\/div>\n\t\t\t\t<\/div>\n\t\t<div class=\"elementor-element elementor-element-4f0a4ff e-con-full e-flex e-con e-child\" data-id=\"4f0a4ff\" data-element_type=\"container\" data-e-type=\"container\">\n\t\t\t\t<div class=\"elementor-element elementor-element-79138b7 elementor-widget elementor-widget-image\" data-id=\"79138b7\" data-element_type=\"widget\" data-e-type=\"widget\" data-widget_type=\"image.default\">\n\t\t\t\t<div class=\"elementor-widget-container\">\n\t\t\t\t\t\t\t\t\t\t\t\t\t\t\t<img decoding=\"async\" width=\"890\" height=\"500\" src=\"https:\/\/coopertrans.com.br\/wp-content\/uploads\/2024\/11\/servicos1.webp\" class=\"attachment-large size-large wp-image-9716\" alt=\"Coopertrans - Servi\u00e7os\" srcset=\"https:\/\/coopertrans.com.br\/wp-content\/uploads\/2024\/11\/servicos1.webp 890w, https:\/\/coopertrans.com.br\/wp-content\/uploads\/2024\/11\/servicos1-300x169.webp 300w, https:\/\/coopertrans.com.br\/wp-content\/uploads\/2024\/11\/servicos1-768x431.webp 768w, https:\/\/coopertrans.com.br\/wp-content\/uploads\/2024\/11\/servicos1-200x112.webp 200w\" sizes=\"(max-width: 890px) 100vw, 890px\" \/>\t\t\t\t\t\t\t\t\t\t\t\t\t\t\t<\/div>\n\t\t\t\t<\/div>\n\t\t\t\t<\/div>\n\t\t<div class=\"elementor-element elementor-element-d85ecbd e-con-full e-flex e-con e-child\" data-id=\"d85ecbd\" data-element_type=\"container\" data-e-type=\"container\">\n\t\t\t\t<div class=\"elementor-element elementor-element-58b32c5 animated-slow elementor-invisible elementor-widget elementor-widget-heading\" data-id=\"58b32c5\" data-element_type=\"widget\" data-e-type=\"widget\" data-settings=\"{&quot;_animation&quot;:&quot;fadeIn&quot;}\" data-widget_type=\"heading.default\">\n\t\t\t\t<div class=\"elementor-widget-container\">\n\t\t\t\t\t<h2 class=\"elementor-heading-title elementor-size-default\">Armazenamento de Cargas Qu\u00edmicas<\/h2>\t\t\t\t<\/div>\n\t\t\t\t<\/div>\n\t\t\t\t<div class=\"elementor-element elementor-element-c862809 animated-slow elementor-invisible elementor-widget elementor-widget-text-editor\" data-id=\"c862809\" data-element_type=\"widget\" data-e-type=\"widget\" data-settings=\"{&quot;_animation&quot;:&quot;fadeIn&quot;}\" data-widget_type=\"text-editor.default\">\n\t\t\t\t<div class=\"elementor-widget-container\">\n\t\t\t\t\t\t\t\t\t<p>Nossa infraestrutura de armazenamento \u00e9 projetada para atender \u00e0s exig\u00eancias rigorosas do setor de produtos qu\u00edmicos. Contamos com instala\u00e7\u00f5es modernas, equipadas com sistemas avan\u00e7ados de controle de temperatura, umidade e ventila\u00e7\u00e3o, que asseguram as condi\u00e7\u00f5es ideais para a preserva\u00e7\u00e3o e estabilidade das cargas. Cada unidade de armazenamento \u00e9 regularmente mantida e inspecionada para garantir a m\u00e1xima seguran\u00e7a e efici\u00eancia operacional.<\/p><p>Nossa equipe \u00e9 composta por profissionais altamente qualificados e treinados no manuseio e armazenamento de produtos qu\u00edmicos. Com um profundo conhecimento t\u00e9cnico e uma abordagem proativa, nossa equipe assegura que todas as cargas sejam tratadas com o devido cuidado, minimizando riscos e garantindo a seguran\u00e7a em todas as etapas do processo.<\/p>\t\t\t\t\t\t\t\t<\/div>\n\t\t\t\t<\/div>\n\t\t\t\t<\/div>\n\t\t<div class=\"elementor-element elementor-element-30bc785 e-con-full e-flex e-con e-child\" data-id=\"30bc785\" data-element_type=\"container\" data-e-type=\"container\">\n\t\t\t\t<div class=\"elementor-element elementor-element-88d7b36 animated-slow elementor-invisible elementor-widget elementor-widget-text-editor\" data-id=\"88d7b36\" data-element_type=\"widget\" data-e-type=\"widget\" data-settings=\"{&quot;_animation&quot;:&quot;fadeIn&quot;}\" data-widget_type=\"text-editor.default\">\n\t\t\t\t<div class=\"elementor-widget-container\">\n\t\t\t\t\t\t\t\t\t<p>Escolha a Cooper para suas necessidades de armazenamento e transporte de cargas qu\u00edmicas e experimente um servi\u00e7o que entrega seguran\u00e7a, confiabilidade e solu\u00e7\u00f5es personalizadas, adaptadas \u00e0s exig\u00eancias do seu neg\u00f3cio.<\/p>\t\t\t\t\t\t\t\t<\/div>\n\t\t\t\t<\/div>\n\t\t\t\t<\/div>\n\t\t\t\t\t<\/div>\n\t\t\t\t<\/div>\n\t\t\t\t<\/div>\n\t\t","protected":false},"excerpt":{"rendered":"<p>Servi\u00e7os Transporte de Cargas Qu\u00edmicas Operar no segmento de transporte de cargas qu\u00edmicas exige um compromisso inabal\u00e1vel com a seguran\u00e7a. Mantemos um rigoroso controle de manuten\u00e7\u00e3o preventiva de nossa frota e investimos continuamente em tecnologia de ponta, como o sistema ERP (Enterprise Resource Planning), que gerencia todas as opera\u00e7\u00f5es di\u00e1rias, integrando processos administrativos e operacionais.&hellip;&nbsp;<a href=\"https:\/\/coopertrans.com.br\/pt_br\/servicos\/\" rel=\"bookmark\"><span class=\"screen-reader-text\">Servi\u00e7os<\/span><\/a><\/p>\n","protected":false},"author":1313,"featured_media":0,"parent":0,"menu_order":0,"comment_status":"closed","ping_status":"closed","template":"elementor_header_footer","meta":{"neve_meta_sidebar":"","neve_meta_container":"","neve_meta_enable_content_width":"","neve_meta_content_width":0,"neve_meta_title_alignment":"","neve_meta_author_avatar":"","neve_post_elements_order":"","neve_meta_disable_header":"","neve_meta_disable_footer":"","neve_meta_disable_title":"","footnotes":""},"class_list":["post-9702","page","type-page","status-publish","hentry"],"_links":{"self":[{"href":"https:\/\/coopertrans.com.br\/pt_br\/wp-json\/wp\/v2\/pages\/9702","targetHints":{"allow":["GET"]}}],"collection":[{"href":"https:\/\/coopertrans.com.br\/pt_br\/wp-json\/wp\/v2\/pages"}],"about":[{"href":"https:\/\/coopertrans.com.br\/pt_br\/wp-json\/wp\/v2\/types\/page"}],"author":[{"embeddable":true,"href":"https:\/\/coopertrans.com.br\/pt_br\/wp-json\/wp\/v2\/users\/1313"}],"replies":[{"embeddable":true,"href":"https:\/\/coopertrans.com.br\/pt_br\/wp-json\/wp\/v2\/comments?post=9702"}],"version-history":[{"count":22,"href":"https:\/\/coopertrans.com.br\/pt_br\/wp-json\/wp\/v2\/pages\/9702\/revisions"}],"predecessor-version":[{"id":9726,"href":"https:\/\/coopertrans.com.br\/pt_br\/wp-json\/wp\/v2\/pages\/9702\/revisions\/9726"}],"wp:attachment":[{"href":"https:\/\/coopertrans.com.br\/pt_br\/wp-json\/wp\/v2\/media?parent=9702"}],"curies":[{"name":"wp","href":"https:\/\/api.w.org\/{rel}","templated":true}]}}