{"id":9766,"date":"2024-11-06T11:52:04","date_gmt":"2024-11-06T14:52:04","guid":{"rendered":"https:\/\/coopertrans.com.br\/?page_id=9766"},"modified":"2024-11-06T15:14:48","modified_gmt":"2024-11-06T18:14:48","slug":"gestao-de-qualidade","status":"publish","type":"page","link":"https:\/\/coopertrans.com.br\/pt_br\/gestao-de-qualidade\/","title":{"rendered":"Gest\u00e3o de Qualidade"},"content":{"rendered":"\t\t<div data-elementor-type=\"wp-page\" data-elementor-id=\"9766\" class=\"elementor elementor-9766\">\n\t\t\t\t<div class=\"elementor-element elementor-element-156e147 e-flex e-con-boxed e-con e-parent\" data-id=\"156e147\" data-element_type=\"container\" data-e-type=\"container\" data-settings=\"{&quot;background_background&quot;:&quot;classic&quot;}\">\n\t\t\t\t\t<div class=\"e-con-inner\">\n\t\t\t\t<div class=\"elementor-element elementor-element-b8472f0 elementor-widget elementor-widget-heading\" data-id=\"b8472f0\" data-element_type=\"widget\" data-e-type=\"widget\" data-widget_type=\"heading.default\">\n\t\t\t\t<div class=\"elementor-widget-container\">\n\t\t\t\t\t<h1 class=\"elementor-heading-title elementor-size-default\">Gest\u00e3o de Qualidade<\/h1>\t\t\t\t<\/div>\n\t\t\t\t<\/div>\n\t\t\t\t\t<\/div>\n\t\t\t\t<\/div>\n\t\t<div class=\"elementor-element elementor-element-e973f14 animated-slow e-flex e-con-boxed elementor-invisible e-con e-parent\" data-id=\"e973f14\" data-element_type=\"container\" data-e-type=\"container\" data-settings=\"{&quot;background_background&quot;:&quot;classic&quot;,&quot;animation&quot;:&quot;fadeIn&quot;}\">\n\t\t\t\t\t<div class=\"e-con-inner\">\n\t\t<div class=\"elementor-element elementor-element-30bc785 e-con-full e-flex e-con e-child\" data-id=\"30bc785\" data-element_type=\"container\" data-e-type=\"container\">\n\t\t\t\t<div class=\"elementor-element elementor-element-88d7b36 animated-slow elementor-invisible elementor-widget elementor-widget-text-editor\" data-id=\"88d7b36\" data-element_type=\"widget\" data-e-type=\"widget\" data-settings=\"{&quot;_animation&quot;:&quot;fadeIn&quot;}\" data-widget_type=\"text-editor.default\">\n\t\t\t\t<div class=\"elementor-widget-container\">\n\t\t\t\t\t\t\t\t\t<p>Na Cooper, a gest\u00e3o da qualidade \u00e9 um compromisso fundamental que orienta todas as nossas opera\u00e7\u00f5es e servi\u00e7os. Estamos dedicados a manter os mais altos padr\u00f5es de excel\u00eancia, seguran\u00e7a e sustentabilidade, refletidos nas diversas certifica\u00e7\u00f5es, parcerias e projetos dos quais participamos. Conhe\u00e7a abaixo nossas principais conquistas e associa\u00e7\u00f5es que garantem a qualidade e a integridade de nossas opera\u00e7\u00f5es.<\/p>\t\t\t\t\t\t\t\t<\/div>\n\t\t\t\t<\/div>\n\t\t\t\t<\/div>\n\t\t<div class=\"elementor-element elementor-element-0626cae e-con-full e-flex e-con e-child\" data-id=\"0626cae\" data-element_type=\"container\" data-e-type=\"container\">\n\t\t\t\t<div class=\"elementor-element elementor-element-5166c5e elementor-widget elementor-widget-image\" data-id=\"5166c5e\" data-element_type=\"widget\" data-e-type=\"widget\" data-widget_type=\"image.default\">\n\t\t\t\t<div class=\"elementor-widget-container\">\n\t\t\t\t\t\t\t\t\t\t\t\t\t\t\t<img decoding=\"async\" src=\"https:\/\/coopertrans.com.br\/wp-content\/uploads\/2024\/11\/rodape_selo3_iso9001.webp\" title=\"Iso9001\" alt=\"Iso9001\" loading=\"lazy\" \/>\t\t\t\t\t\t\t\t\t\t\t\t\t\t\t<\/div>\n\t\t\t\t<\/div>\n\t\t\t\t<\/div>\n\t\t<div class=\"elementor-element elementor-element-d45989f e-con-full e-flex e-con e-child\" data-id=\"d45989f\" data-element_type=\"container\" data-e-type=\"container\">\n\t\t\t\t<div class=\"elementor-element elementor-element-630b25f animated-slow elementor-invisible elementor-widget elementor-widget-heading\" data-id=\"630b25f\" data-element_type=\"widget\" data-e-type=\"widget\" data-settings=\"{&quot;_animation&quot;:&quot;fadeIn&quot;}\" data-widget_type=\"heading.default\">\n\t\t\t\t<div class=\"elementor-widget-container\">\n\t\t\t\t\t<h2 class=\"elementor-heading-title elementor-size-default\">ISO 9001<\/h2>\t\t\t\t<\/div>\n\t\t\t\t<\/div>\n\t\t\t\t<div class=\"elementor-element elementor-element-9633e7c animated-slow elementor-invisible elementor-widget elementor-widget-text-editor\" data-id=\"9633e7c\" data-element_type=\"widget\" data-e-type=\"widget\" data-settings=\"{&quot;_animation&quot;:&quot;fadeIn&quot;}\" data-widget_type=\"text-editor.default\">\n\t\t\t\t<div class=\"elementor-widget-container\">\n\t\t\t\t\t\t\t\t\t<p>A certifica\u00e7\u00e3o ISO 9001 atesta nosso compromisso com a gest\u00e3o da qualidade. Implementamos um sistema rigoroso de controle de processos para garantir que todos os servi\u00e7os oferecidos atendam consistentemente \u00e0s necessidades e expectativas de nossos clientes.<\/p>\t\t\t\t\t\t\t\t<\/div>\n\t\t\t\t<\/div>\n\t\t\t\t<div class=\"elementor-element elementor-element-ff333a7 elementor-widget elementor-widget-button\" data-id=\"ff333a7\" data-element_type=\"widget\" data-e-type=\"widget\" data-widget_type=\"button.default\">\n\t\t\t\t<div class=\"elementor-widget-container\">\n\t\t\t\t\t\t\t\t\t<div class=\"elementor-button-wrapper\">\n\t\t\t\t\t<a class=\"elementor-button elementor-button-link elementor-size-sm\" href=\"https:\/\/coopertrans.com.br\/wp-content\/uploads\/2024\/11\/Certificado-ISO-9001.pdf\" target=\"_blank\">\n\t\t\t\t\t\t<span class=\"elementor-button-content-wrapper\">\n\t\t\t\t\t\t\t\t\t<span class=\"elementor-button-text\">Certificado Digital<\/span>\n\t\t\t\t\t<\/span>\n\t\t\t\t\t<\/a>\n\t\t\t\t<\/div>\n\t\t\t\t\t\t\t\t<\/div>\n\t\t\t\t<\/div>\n\t\t\t\t<\/div>\n\t\t<div class=\"elementor-element elementor-element-4f0a4ff e-con-full e-flex e-con e-child\" data-id=\"4f0a4ff\" data-element_type=\"container\" data-e-type=\"container\">\n\t\t\t\t<div class=\"elementor-element elementor-element-79138b7 elementor-widget elementor-widget-image\" data-id=\"79138b7\" data-element_type=\"widget\" data-e-type=\"widget\" data-widget_type=\"image.default\">\n\t\t\t\t<div class=\"elementor-widget-container\">\n\t\t\t\t\t\t\t\t\t\t\t\t\t\t\t<img decoding=\"async\" src=\"https:\/\/coopertrans.com.br\/wp-content\/uploads\/2024\/11\/rodape_selo4_iso14001.webp\" title=\"Iso14001\" alt=\"Iso14001\" loading=\"lazy\" \/>\t\t\t\t\t\t\t\t\t\t\t\t\t\t\t<\/div>\n\t\t\t\t<\/div>\n\t\t\t\t<\/div>\n\t\t<div class=\"elementor-element elementor-element-d85ecbd e-con-full e-flex e-con e-child\" data-id=\"d85ecbd\" data-element_type=\"container\" data-e-type=\"container\">\n\t\t\t\t<div class=\"elementor-element elementor-element-58b32c5 animated-slow elementor-invisible elementor-widget elementor-widget-heading\" data-id=\"58b32c5\" data-element_type=\"widget\" data-e-type=\"widget\" data-settings=\"{&quot;_animation&quot;:&quot;fadeIn&quot;}\" data-widget_type=\"heading.default\">\n\t\t\t\t<div class=\"elementor-widget-container\">\n\t\t\t\t\t<h2 class=\"elementor-heading-title elementor-size-default\">ISO 14001<\/h2>\t\t\t\t<\/div>\n\t\t\t\t<\/div>\n\t\t\t\t<div class=\"elementor-element elementor-element-c862809 animated-slow elementor-invisible elementor-widget elementor-widget-text-editor\" data-id=\"c862809\" data-element_type=\"widget\" data-e-type=\"widget\" data-settings=\"{&quot;_animation&quot;:&quot;fadeIn&quot;}\" data-widget_type=\"text-editor.default\">\n\t\t\t\t<div class=\"elementor-widget-container\">\n\t\t\t\t\t\t\t\t\t<p>A certifica\u00e7\u00e3o ISO 14001 demonstra nosso compromisso com a gest\u00e3o ambiental. Adotamos pr\u00e1ticas sustent\u00e1veis em todas as nossas opera\u00e7\u00f5es, minimizando impactos ambientais e promovendo a preserva\u00e7\u00e3o do meio ambiente.<\/p>\t\t\t\t\t\t\t\t<\/div>\n\t\t\t\t<\/div>\n\t\t\t\t<\/div>\n\t\t<div class=\"elementor-element elementor-element-73bcfb8 e-con-full e-flex e-con e-child\" data-id=\"73bcfb8\" data-element_type=\"container\" data-e-type=\"container\">\n\t\t\t\t<div class=\"elementor-element elementor-element-eee3e45 elementor-widget elementor-widget-image\" data-id=\"eee3e45\" data-element_type=\"widget\" data-e-type=\"widget\" data-widget_type=\"image.default\">\n\t\t\t\t<div class=\"elementor-widget-container\">\n\t\t\t\t\t\t\t\t\t\t\t\t\t\t\t<img decoding=\"async\" src=\"https:\/\/coopertrans.com.br\/wp-content\/uploads\/2024\/11\/rodape_selo1_sassmaq.webp\" title=\"Sassmaq\" alt=\"Sassmaq\" loading=\"lazy\" \/>\t\t\t\t\t\t\t\t\t\t\t\t\t\t\t<\/div>\n\t\t\t\t<\/div>\n\t\t\t\t<\/div>\n\t\t<div class=\"elementor-element elementor-element-1b091f0 e-con-full e-flex e-con e-child\" data-id=\"1b091f0\" data-element_type=\"container\" data-e-type=\"container\">\n\t\t\t\t<div class=\"elementor-element elementor-element-c417940 animated-slow elementor-invisible elementor-widget elementor-widget-heading\" data-id=\"c417940\" data-element_type=\"widget\" data-e-type=\"widget\" data-settings=\"{&quot;_animation&quot;:&quot;fadeIn&quot;}\" data-widget_type=\"heading.default\">\n\t\t\t\t<div class=\"elementor-widget-container\">\n\t\t\t\t\t<h2 class=\"elementor-heading-title elementor-size-default\">SASSMAQ<\/h2>\t\t\t\t<\/div>\n\t\t\t\t<\/div>\n\t\t\t\t<div class=\"elementor-element elementor-element-ea8c086 animated-slow elementor-invisible elementor-widget elementor-widget-text-editor\" data-id=\"ea8c086\" data-element_type=\"widget\" data-e-type=\"widget\" data-settings=\"{&quot;_animation&quot;:&quot;fadeIn&quot;}\" data-widget_type=\"text-editor.default\">\n\t\t\t\t<div class=\"elementor-widget-container\">\n\t\t\t\t\t\t\t\t\t<p>O Sistema de Avalia\u00e7\u00e3o de Seguran\u00e7a, Sa\u00fade, Meio Ambiente e Qualidade (SASSMAQ) \u00e9 uma exig\u00eancia para empresas que transportam produtos qu\u00edmicos. Nossa participa\u00e7\u00e3o nesse programa garante a seguran\u00e7a e a efici\u00eancia de nossas opera\u00e7\u00f5es, conforme os mais altos padr\u00f5es do setor.<\/p>\t\t\t\t\t\t\t\t<\/div>\n\t\t\t\t<\/div>\n\t\t\t\t<div class=\"elementor-element elementor-element-f7d26b0 elementor-widget elementor-widget-button\" data-id=\"f7d26b0\" data-element_type=\"widget\" data-e-type=\"widget\" data-widget_type=\"button.default\">\n\t\t\t\t<div class=\"elementor-widget-container\">\n\t\t\t\t\t\t\t\t\t<div class=\"elementor-button-wrapper\">\n\t\t\t\t\t<a class=\"elementor-button elementor-button-link elementor-size-sm\" href=\"https:\/\/coopertrans.com.br\/wp-content\/uploads\/2024\/11\/Certificado-SASSMAQ.pdf\" target=\"_blank\">\n\t\t\t\t\t\t<span class=\"elementor-button-content-wrapper\">\n\t\t\t\t\t\t\t\t\t<span class=\"elementor-button-text\">Certificado Digital<\/span>\n\t\t\t\t\t<\/span>\n\t\t\t\t\t<\/a>\n\t\t\t\t<\/div>\n\t\t\t\t\t\t\t\t<\/div>\n\t\t\t\t<\/div>\n\t\t\t\t<\/div>\n\t\t\t\t\t<\/div>\n\t\t\t\t<\/div>\n\t\t<div class=\"elementor-element elementor-element-23cb779 animated-slow e-flex e-con-boxed elementor-invisible e-con e-parent\" data-id=\"23cb779\" data-element_type=\"container\" data-e-type=\"container\" data-settings=\"{&quot;background_background&quot;:&quot;classic&quot;,&quot;animation&quot;:&quot;fadeIn&quot;}\">\n\t\t\t\t\t<div class=\"e-con-inner\">\n\t\t<div class=\"elementor-element elementor-element-ec6a8ec e-con-full e-flex e-con e-child\" data-id=\"ec6a8ec\" data-element_type=\"container\" data-e-type=\"container\">\n\t\t\t\t<div class=\"elementor-element elementor-element-991a5e4 animated-slow elementor-invisible elementor-widget elementor-widget-heading\" data-id=\"991a5e4\" data-element_type=\"widget\" data-e-type=\"widget\" data-settings=\"{&quot;_animation&quot;:&quot;fadeIn&quot;}\" data-widget_type=\"heading.default\">\n\t\t\t\t<div class=\"elementor-widget-container\">\n\t\t\t\t\t<h2 class=\"elementor-heading-title elementor-size-default\">Parcerias e Projetos<\/h2>\t\t\t\t<\/div>\n\t\t\t\t<\/div>\n\t\t\t\t<\/div>\n\t\t<div class=\"elementor-element elementor-element-5823d9a e-con-full e-flex e-con e-child\" data-id=\"5823d9a\" data-element_type=\"container\" data-e-type=\"container\">\n\t\t\t\t<div class=\"elementor-element elementor-element-2b52382 elementor-widget elementor-widget-image\" data-id=\"2b52382\" data-element_type=\"widget\" data-e-type=\"widget\" data-widget_type=\"image.default\">\n\t\t\t\t<div class=\"elementor-widget-container\">\n\t\t\t\t\t\t\t\t\t\t\t\t\t\t\t<img decoding=\"async\" src=\"https:\/\/coopertrans.com.br\/wp-content\/uploads\/2024\/11\/rodape_selo2_abiquim.webp\" title=\"Abiquim\" alt=\"Abiquim\" loading=\"lazy\" \/>\t\t\t\t\t\t\t\t\t\t\t\t\t\t\t<\/div>\n\t\t\t\t<\/div>\n\t\t\t\t<\/div>\n\t\t<div class=\"elementor-element elementor-element-009bbce e-con-full e-flex e-con e-child\" data-id=\"009bbce\" data-element_type=\"container\" data-e-type=\"container\">\n\t\t\t\t<div class=\"elementor-element elementor-element-cad39fc animated-slow elementor-invisible elementor-widget elementor-widget-heading\" data-id=\"cad39fc\" data-element_type=\"widget\" data-e-type=\"widget\" data-settings=\"{&quot;_animation&quot;:&quot;fadeIn&quot;}\" data-widget_type=\"heading.default\">\n\t\t\t\t<div class=\"elementor-widget-container\">\n\t\t\t\t\t<h2 class=\"elementor-heading-title elementor-size-default\">Abiquim<\/h2>\t\t\t\t<\/div>\n\t\t\t\t<\/div>\n\t\t\t\t<div class=\"elementor-element elementor-element-5bed132 animated-slow elementor-invisible elementor-widget elementor-widget-text-editor\" data-id=\"5bed132\" data-element_type=\"widget\" data-e-type=\"widget\" data-settings=\"{&quot;_animation&quot;:&quot;fadeIn&quot;}\" data-widget_type=\"text-editor.default\">\n\t\t\t\t<div class=\"elementor-widget-container\">\n\t\t\t\t\t\t\t\t\t<p>Como membros da Associa\u00e7\u00e3o Brasileira da Ind\u00fastria Qu\u00edmica (ABIQUIM), estamos alinhados com as melhores pr\u00e1ticas e inova\u00e7\u00f5es do setor qu\u00edmico. Essa parceria fortalece nossa capacidade de oferecer servi\u00e7os de alta qualidade e conformidade com as regulamenta\u00e7\u00f5es.<\/p>\t\t\t\t\t\t\t\t<\/div>\n\t\t\t\t<\/div>\n\t\t\t\t<\/div>\n\t\t<div class=\"elementor-element elementor-element-435730d e-con-full e-flex e-con e-child\" data-id=\"435730d\" data-element_type=\"container\" data-e-type=\"container\">\n\t\t\t\t<div class=\"elementor-element elementor-element-c10261e elementor-widget elementor-widget-image\" data-id=\"c10261e\" data-element_type=\"widget\" data-e-type=\"widget\" data-widget_type=\"image.default\">\n\t\t\t\t<div class=\"elementor-widget-container\">\n\t\t\t\t\t\t\t\t\t\t\t\t\t\t\t<img decoding=\"async\" src=\"https:\/\/coopertrans.com.br\/wp-content\/uploads\/2024\/11\/ambipar_logo.webp\" title=\"ambipar_logo\" alt=\"ambipar_logo\" loading=\"lazy\" \/>\t\t\t\t\t\t\t\t\t\t\t\t\t\t\t<\/div>\n\t\t\t\t<\/div>\n\t\t\t\t<\/div>\n\t\t<div class=\"elementor-element elementor-element-26c2694 e-con-full e-flex e-con e-child\" data-id=\"26c2694\" data-element_type=\"container\" data-e-type=\"container\">\n\t\t\t\t<div class=\"elementor-element elementor-element-4510b14 animated-slow elementor-invisible elementor-widget elementor-widget-heading\" data-id=\"4510b14\" data-element_type=\"widget\" data-e-type=\"widget\" data-settings=\"{&quot;_animation&quot;:&quot;fadeIn&quot;}\" data-widget_type=\"heading.default\">\n\t\t\t\t<div class=\"elementor-widget-container\">\n\t\t\t\t\t<h2 class=\"elementor-heading-title elementor-size-default\">Ambipar<\/h2>\t\t\t\t<\/div>\n\t\t\t\t<\/div>\n\t\t\t\t<div class=\"elementor-element elementor-element-ad60b19 animated-slow elementor-invisible elementor-widget elementor-widget-text-editor\" data-id=\"ad60b19\" data-element_type=\"widget\" data-e-type=\"widget\" data-settings=\"{&quot;_animation&quot;:&quot;fadeIn&quot;}\" data-widget_type=\"text-editor.default\">\n\t\t\t\t<div class=\"elementor-widget-container\">\n\t\t\t\t\t\t\t\t\t<p>A parceria com a AMBIPAR, l\u00edder em gest\u00e3o ambiental e resposta a emerg\u00eancias, refor\u00e7a nosso compromisso com a seguran\u00e7a e a sustentabilidade. Juntos, garantimos uma resposta r\u00e1pida e eficaz a qualquer incidente, minimizando riscos e impactos ambientais.<\/p>\t\t\t\t\t\t\t\t<\/div>\n\t\t\t\t<\/div>\n\t\t\t\t<div class=\"elementor-element elementor-element-7489a7c elementor-widget elementor-widget-button\" data-id=\"7489a7c\" data-element_type=\"widget\" data-e-type=\"widget\" data-widget_type=\"button.default\">\n\t\t\t\t<div class=\"elementor-widget-container\">\n\t\t\t\t\t\t\t\t\t<div class=\"elementor-button-wrapper\">\n\t\t\t\t\t<a class=\"elementor-button elementor-button-link elementor-size-sm\" href=\"https:\/\/coopertrans.com.br\/wp-content\/uploads\/2024\/11\/Certificado-Ambipar.pdf\" target=\"_blank\">\n\t\t\t\t\t\t<span class=\"elementor-button-content-wrapper\">\n\t\t\t\t\t\t\t\t\t<span class=\"elementor-button-text\">Certificado Digital<\/span>\n\t\t\t\t\t<\/span>\n\t\t\t\t\t<\/a>\n\t\t\t\t<\/div>\n\t\t\t\t\t\t\t\t<\/div>\n\t\t\t\t<\/div>\n\t\t\t\t<\/div>\n\t\t<div class=\"elementor-element elementor-element-d028427 e-con-full e-flex e-con e-child\" data-id=\"d028427\" data-element_type=\"container\" data-e-type=\"container\">\n\t\t\t\t<div class=\"elementor-element elementor-element-3af7b48 elementor-widget elementor-widget-image\" data-id=\"3af7b48\" data-element_type=\"widget\" data-e-type=\"widget\" data-widget_type=\"image.default\">\n\t\t\t\t<div class=\"elementor-widget-container\">\n\t\t\t\t\t\t\t\t\t\t\t\t\t\t\t<img decoding=\"async\" width=\"300\" height=\"150\" src=\"https:\/\/coopertrans.com.br\/wp-content\/uploads\/2024\/11\/na-mao-certa_logo.webp\" class=\"attachment-full size-full wp-image-9800\" alt=\"\" srcset=\"https:\/\/coopertrans.com.br\/wp-content\/uploads\/2024\/11\/na-mao-certa_logo.webp 300w, https:\/\/coopertrans.com.br\/wp-content\/uploads\/2024\/11\/na-mao-certa_logo-200x100.webp 200w\" sizes=\"(max-width: 300px) 100vw, 300px\" \/>\t\t\t\t\t\t\t\t\t\t\t\t\t\t\t<\/div>\n\t\t\t\t<\/div>\n\t\t\t\t<\/div>\n\t\t<div class=\"elementor-element elementor-element-1fce5de e-con-full e-flex e-con e-child\" data-id=\"1fce5de\" data-element_type=\"container\" data-e-type=\"container\">\n\t\t\t\t<div class=\"elementor-element elementor-element-0dfd685 animated-slow elementor-invisible elementor-widget elementor-widget-heading\" data-id=\"0dfd685\" data-element_type=\"widget\" data-e-type=\"widget\" data-settings=\"{&quot;_animation&quot;:&quot;fadeIn&quot;}\" data-widget_type=\"heading.default\">\n\t\t\t\t<div class=\"elementor-widget-container\">\n\t\t\t\t\t<h2 class=\"elementor-heading-title elementor-size-default\">Programa Na M\u00e3o Certa<\/h2>\t\t\t\t<\/div>\n\t\t\t\t<\/div>\n\t\t\t\t<div class=\"elementor-element elementor-element-0359f42 animated-slow elementor-invisible elementor-widget elementor-widget-text-editor\" data-id=\"0359f42\" data-element_type=\"widget\" data-e-type=\"widget\" data-settings=\"{&quot;_animation&quot;:&quot;fadeIn&quot;}\" data-widget_type=\"text-editor.default\">\n\t\t\t\t<div class=\"elementor-widget-container\">\n\t\t\t\t\t\t\t\t\tParticipamos ativamente do Programa Na M\u00e3o Certa, uma iniciativa que visa combater a explora\u00e7\u00e3o sexual de crian\u00e7as e adolescentes nas estradas brasileiras. Nosso envolvimento neste programa reflete nosso compromisso com a responsabilidade social e a promo\u00e7\u00e3o de um ambiente mais seguro e \u00e9tico.\t\t\t\t\t\t\t\t<\/div>\n\t\t\t\t<\/div>\n\t\t\t\t<div class=\"elementor-element elementor-element-72a336f elementor-widget elementor-widget-button\" data-id=\"72a336f\" data-element_type=\"widget\" data-e-type=\"widget\" data-widget_type=\"button.default\">\n\t\t\t\t<div class=\"elementor-widget-container\">\n\t\t\t\t\t\t\t\t\t<div class=\"elementor-button-wrapper\">\n\t\t\t\t\t<a class=\"elementor-button elementor-button-link elementor-size-sm\" href=\"https:\/\/namaocerta.org.br\" target=\"_blank\">\n\t\t\t\t\t\t<span class=\"elementor-button-content-wrapper\">\n\t\t\t\t\t\t\t\t\t<span class=\"elementor-button-text\">Saiba mais<\/span>\n\t\t\t\t\t<\/span>\n\t\t\t\t\t<\/a>\n\t\t\t\t<\/div>\n\t\t\t\t\t\t\t\t<\/div>\n\t\t\t\t<\/div>\n\t\t\t\t<\/div>\n\t\t\t\t\t<\/div>\n\t\t\t\t<\/div>\n\t\t\t\t<\/div>\n\t\t","protected":false},"excerpt":{"rendered":"<p>Gest\u00e3o de Qualidade Na Cooper, a gest\u00e3o da qualidade \u00e9 um compromisso fundamental que orienta todas as nossas opera\u00e7\u00f5es e servi\u00e7os. Estamos dedicados a manter os mais altos padr\u00f5es de excel\u00eancia, seguran\u00e7a e sustentabilidade, refletidos nas diversas certifica\u00e7\u00f5es, parcerias e projetos dos quais participamos. Conhe\u00e7a abaixo nossas principais conquistas e associa\u00e7\u00f5es que garantem a qualidade&hellip;&nbsp;<a href=\"https:\/\/coopertrans.com.br\/pt_br\/gestao-de-qualidade\/\" rel=\"bookmark\"><span class=\"screen-reader-text\">Gest\u00e3o de Qualidade<\/span><\/a><\/p>\n","protected":false},"author":1313,"featured_media":0,"parent":0,"menu_order":0,"comment_status":"closed","ping_status":"closed","template":"elementor_header_footer","meta":{"neve_meta_sidebar":"","neve_meta_container":"","neve_meta_enable_content_width":"","neve_meta_content_width":0,"neve_meta_title_alignment":"","neve_meta_author_avatar":"","neve_post_elements_order":"","neve_meta_disable_header":"","neve_meta_disable_footer":"","neve_meta_disable_title":"","footnotes":""},"class_list":["post-9766","page","type-page","status-publish","hentry"],"_links":{"self":[{"href":"https:\/\/coopertrans.com.br\/pt_br\/wp-json\/wp\/v2\/pages\/9766","targetHints":{"allow":["GET"]}}],"collection":[{"href":"https:\/\/coopertrans.com.br\/pt_br\/wp-json\/wp\/v2\/pages"}],"about":[{"href":"https:\/\/coopertrans.com.br\/pt_br\/wp-json\/wp\/v2\/types\/page"}],"author":[{"embeddable":true,"href":"https:\/\/coopertrans.com.br\/pt_br\/wp-json\/wp\/v2\/users\/1313"}],"replies":[{"embeddable":true,"href":"https:\/\/coopertrans.com.br\/pt_br\/wp-json\/wp\/v2\/comments?post=9766"}],"version-history":[{"count":40,"href":"https:\/\/coopertrans.com.br\/pt_br\/wp-json\/wp\/v2\/pages\/9766\/revisions"}],"predecessor-version":[{"id":9810,"href":"https:\/\/coopertrans.com.br\/pt_br\/wp-json\/wp\/v2\/pages\/9766\/revisions\/9810"}],"wp:attachment":[{"href":"https:\/\/coopertrans.com.br\/pt_br\/wp-json\/wp\/v2\/media?parent=9766"}],"curies":[{"name":"wp","href":"https:\/\/api.w.org\/{rel}","templated":true}]}}